{"id":2,"date":"2019-07-29T09:02:37","date_gmt":"2019-07-29T09:02:37","guid":{"rendered":"http:\/\/scubanautic.com\/?page_id=2"},"modified":"2026-02-03T09:11:12","modified_gmt":"2026-02-03T09:11:12","slug":"sample-page","status":"publish","type":"page","link":"https:\/\/www.scubanautic.com\/de\/sample-page\/","title":{"rendered":"Beispielseite"},"content":{"rendered":"<! - wp: paragraph ->\r\n<p> Dies ist eine Beispielseite. Es unterscheidet sich von einem Blog-Beitrag, da es an einem Ort bleibt und in Ihrer Site-Navigation angezeigt wird (in den meisten Themen). Die meisten Leute beginnen mit einer Info-Seite, die sie potenziellen Site-Besuchern vorstellt. Es k\u00f6nnte ungef\u00e4hr so \u200b\u200blauten: <\/ p>\r\n<! - \/ wp: paragraph ->\r\n\r\n<! - wp: quote ->\r\n<blockquote class = \"wp-block-quote\"> <p> Hallo! Tags\u00fcber bin ich ein Fahrradbote, nachts bin ich ein aufstrebender Schauspieler, und das ist meine Website. Ich lebe in Los Angeles, habe einen tollen Hund namens Jack und mag Coladas. (Und im Regen erwischt zu werden.) <\/ P> <\/ blockquote>\r\n<! - \/ wp: quote ->\r\n\r\n<! - wp: paragraph ->\r\n<p> &#8230; oder so \u00e4hnlich: <\/ p>\r\n<! - \/ wp: paragraph ->\r\n\r\n<! - wp: quote ->\r\n<blockquote class = \"wp-block-quote\"> <p> Die XYZ Doohickey Company wurde 1971 gegr\u00fcndet und bietet seitdem hochwertige Doohickeys f\u00fcr die \u00d6ffentlichkeit an. XYZ hat seinen Sitz in Gotham City und besch\u00e4ftigt mehr als 2.000 Mitarbeiter. Das Unternehmen leistet tolle Dienste f\u00fcr die Gotham-Community. <\/ P> <\/ blockquote>\r\n<! - \/ wp: quote ->\r\n\r\n<! - wp: paragraph ->\r\n<p> Als neuer WordPress-Benutzer sollten Sie zu <a href=\"http:\/\/scubanautic.com\/wp-admin\/\"> Ihrem Dashboard <\/a> gehen, um diese Seite zu l\u00f6schen und neue Seiten zu erstellen f\u00fcr Ihren Inhalt. Viel Spa\u00df! <\/ P>\r\n<! - \/ wp: paragraph ->","protected":false},"excerpt":{"rendered":"<p>Dies ist eine Beispielseite. Es unterscheidet sich von einem Blog-Beitrag, da es an einem Ort bleibt und in Ihrer Site-Navigation angezeigt wird (in den meisten Themen). Die meisten Leute beginnen mit einer Info-Seite, die sie potenziellen Site-Besuchern vorstellt. Es k\u00f6nnte ungef\u00e4hr so \u200b\u200blauten: Hallo! Tags\u00fcber bin ich ein Fahrradbote, nachts bin ich ein aufstrebender Schauspieler, [&hellip;]<\/p>\n","protected":false},"author":1,"featured_media":0,"parent":0,"menu_order":0,"comment_status":"closed","ping_status":"open","template":"","meta":[],"acf":[],"yoast_head":"<!-- This site is optimized with the Yoast SEO plugin v20.11 - https:\/\/yoast.com\/wordpress\/plugins\/seo\/ -->\n<title>Beispielseite - Scubanautic<\/title>\n<meta name=\"description\" content=\"Sample content page for Scuba Diving Mallorca info and insights from your trusted Dive Center Mallorca experts.\" \/>\n<meta name=\"robots\" content=\"index, follow, max-snippet:-1, max-image-preview:large, max-video-preview:-1\" \/>\n<link rel=\"canonical\" href=\"https:\/\/www.scubanautic.com\/sample-page\/\" \/>\n<meta property=\"og:locale\" content=\"de_DE\" \/>\n<meta property=\"og:type\" content=\"article\" \/>\n<meta property=\"og:title\" content=\"[:en]Sample Page[:es]P\u00e1gina de Ejemplo[:de]Beispielseite[:] - Scubanautic\" \/>\n<meta property=\"og:description\" content=\"Sample content page for Scuba Diving Mallorca info and insights from your trusted Dive Center Mallorca experts.\" \/>\n<meta property=\"og:url\" content=\"https:\/\/www.scubanautic.com\/sample-page\/\" \/>\n<meta property=\"og:site_name\" content=\"Scubanautic\" \/>\n<meta property=\"article:modified_time\" content=\"2026-02-03T09:11:12+00:00\" \/>\n<meta name=\"twitter:card\" content=\"summary_large_image\" \/>\n<meta name=\"twitter:label1\" content=\"Gesch\u00e4tzte Lesezeit\" \/>\n\t<meta name=\"twitter:data1\" content=\"1\u00a0Minute\" \/>\n<script type=\"application\/ld+json\" class=\"yoast-schema-graph\">{\"@context\":\"https:\/\/schema.org\",\"@graph\":[{\"@type\":\"WebPage\",\"@id\":\"https:\/\/www.scubanautic.com\/sample-page\/\",\"url\":\"https:\/\/www.scubanautic.com\/sample-page\/\",\"name\":\"[:en]Sample Page[:es]P\u00e1gina de Ejemplo[:de]Beispielseite[:] - Scubanautic\",\"isPartOf\":{\"@id\":\"https:\/\/www.scubanautic.com\/de\/#website\"},\"datePublished\":\"2019-07-29T09:02:37+00:00\",\"dateModified\":\"2026-02-03T09:11:12+00:00\",\"description\":\"Sample content page for Scuba Diving Mallorca info and insights from your trusted Dive Center Mallorca experts.\",\"breadcrumb\":{\"@id\":\"https:\/\/www.scubanautic.com\/sample-page\/#breadcrumb\"},\"inLanguage\":\"de\",\"potentialAction\":[{\"@type\":\"ReadAction\",\"target\":[\"https:\/\/www.scubanautic.com\/sample-page\/\"]}]},{\"@type\":\"BreadcrumbList\",\"@id\":\"https:\/\/www.scubanautic.com\/sample-page\/#breadcrumb\",\"itemListElement\":[{\"@type\":\"ListItem\",\"position\":1,\"name\":\"Home\",\"item\":\"https:\/\/www.scubanautic.com\/\"},{\"@type\":\"ListItem\",\"position\":2,\"name\":\"Sample Page\"}]},{\"@type\":\"WebSite\",\"@id\":\"https:\/\/www.scubanautic.com\/de\/#website\",\"url\":\"https:\/\/www.scubanautic.com\/de\/\",\"name\":\"Scubanautic\",\"description\":\"Welcome to Scubanautic Mallorca\",\"potentialAction\":[{\"@type\":\"SearchAction\",\"target\":{\"@type\":\"EntryPoint\",\"urlTemplate\":\"https:\/\/www.scubanautic.com\/de\/?s={search_term_string}\"},\"query-input\":\"required name=search_term_string\"}],\"inLanguage\":\"de\"}]}<\/script>\n<!-- \/ Yoast SEO plugin. -->","yoast_head_json":{"title":"[:en]Sample Page[:es]P\u00e1gina de Ejemplo[:de]Beispielseite[:] - Scubanautic","description":"Sample content page for Scuba Diving Mallorca info and insights from your trusted Dive Center Mallorca experts.","robots":{"index":"index","follow":"follow","max-snippet":"max-snippet:-1","max-image-preview":"max-image-preview:large","max-video-preview":"max-video-preview:-1"},"canonical":"https:\/\/www.scubanautic.com\/sample-page\/","og_locale":"de_DE","og_type":"article","og_title":"[:en]Sample Page[:es]P\u00e1gina de Ejemplo[:de]Beispielseite[:] - Scubanautic","og_description":"Sample content page for Scuba Diving Mallorca info and insights from your trusted Dive Center Mallorca experts.","og_url":"https:\/\/www.scubanautic.com\/sample-page\/","og_site_name":"Scubanautic","article_modified_time":"2026-02-03T09:11:12+00:00","twitter_card":"summary_large_image","twitter_misc":{"Gesch\u00e4tzte Lesezeit":"1\u00a0Minute"},"schema":{"@context":"https:\/\/schema.org","@graph":[{"@type":"WebPage","@id":"https:\/\/www.scubanautic.com\/sample-page\/","url":"https:\/\/www.scubanautic.com\/sample-page\/","name":"[:en]Sample Page[:es]P\u00e1gina de Ejemplo[:de]Beispielseite[:] - Scubanautic","isPartOf":{"@id":"https:\/\/www.scubanautic.com\/de\/#website"},"datePublished":"2019-07-29T09:02:37+00:00","dateModified":"2026-02-03T09:11:12+00:00","description":"Sample content page for Scuba Diving Mallorca info and insights from your trusted Dive Center Mallorca experts.","breadcrumb":{"@id":"https:\/\/www.scubanautic.com\/sample-page\/#breadcrumb"},"inLanguage":"de","potentialAction":[{"@type":"ReadAction","target":["https:\/\/www.scubanautic.com\/sample-page\/"]}]},{"@type":"BreadcrumbList","@id":"https:\/\/www.scubanautic.com\/sample-page\/#breadcrumb","itemListElement":[{"@type":"ListItem","position":1,"name":"Home","item":"https:\/\/www.scubanautic.com\/"},{"@type":"ListItem","position":2,"name":"Sample Page"}]},{"@type":"WebSite","@id":"https:\/\/www.scubanautic.com\/de\/#website","url":"https:\/\/www.scubanautic.com\/de\/","name":"Scubanautic","description":"Welcome to Scubanautic Mallorca","potentialAction":[{"@type":"SearchAction","target":{"@type":"EntryPoint","urlTemplate":"https:\/\/www.scubanautic.com\/de\/?s={search_term_string}"},"query-input":"required name=search_term_string"}],"inLanguage":"de"}]}},"_links":{"self":[{"href":"https:\/\/www.scubanautic.com\/de\/wp-json\/wp\/v2\/pages\/2"}],"collection":[{"href":"https:\/\/www.scubanautic.com\/de\/wp-json\/wp\/v2\/pages"}],"about":[{"href":"https:\/\/www.scubanautic.com\/de\/wp-json\/wp\/v2\/types\/page"}],"author":[{"embeddable":true,"href":"https:\/\/www.scubanautic.com\/de\/wp-json\/wp\/v2\/users\/1"}],"replies":[{"embeddable":true,"href":"https:\/\/www.scubanautic.com\/de\/wp-json\/wp\/v2\/comments?post=2"}],"version-history":[{"count":2,"href":"https:\/\/www.scubanautic.com\/de\/wp-json\/wp\/v2\/pages\/2\/revisions"}],"predecessor-version":[{"id":7964,"href":"https:\/\/www.scubanautic.com\/de\/wp-json\/wp\/v2\/pages\/2\/revisions\/7964"}],"wp:attachment":[{"href":"https:\/\/www.scubanautic.com\/de\/wp-json\/wp\/v2\/media?parent=2"}],"curies":[{"name":"wp","href":"https:\/\/api.w.org\/{rel}","templated":true}]}}