{"id":3,"date":"2019-07-29T09:02:37","date_gmt":"2019-07-29T09:02:37","guid":{"rendered":"http:\/\/scubanautic.com\/?page_id=3"},"modified":"2026-02-03T09:10:02","modified_gmt":"2026-02-03T09:10:02","slug":"privacy-policy","status":"publish","type":"page","link":"https:\/\/www.scubanautic.com\/de\/privacy-policy\/","title":{"rendered":"Datenschutz-Bestimmungen"},"content":{"rendered":"<h2 class=\"wp-block-heading\">Datenschutz<\/h2>\r\n\r\n<p>&nbsp;<\/p>\r\n\r\n<p>Datenschutz hat f\u00fcr Scubanautic eine sehr hohe Priorit\u00e4t. Eine Nutzung unserer Internetseiten von Scubanautic.com ist grunds\u00e4tzlich ohne Angabe personenbezogener Daten m\u00f6glich. M\u00f6chte eine betroffene Person jedoch die speziellen Dienste unseres Unternehmens \u00fcber unsere Website nutzen, kann eine Verarbeitung personenbezogener Daten erforderlich sein. Wenn die Verarbeitung personenbezogener Daten erforderlich ist, holen wir in der Regel die Zustimmung der betroffenen Person ein.<\/p>\r\n<p>Die Verarbeitung personenbezogener Daten wie Name, Adresse, E-Mail-Adresse oder Telefonnummer eines Betroffenen erfolgt stets im Einklang mit der RGPD \/ DS-BER und unseren l\u00e4nderspezifischen Datenschutzbestimmungen. Mit dieser Datenschutzerkl\u00e4rung m\u00f6chte unser Unternehmen Betroffene \u00fcber ihre Rechte informieren.<\/p>\r\n<h3>Bestimmungen in unserer Datenschutzerkl\u00e4rung<\/h3>\r\n<p>Die Datenschutzrichtlinie basiert auf der Terminologie, die der Europ\u00e4ische Gesetzgeber und der Gesetzgeber bei der Annahme der Allgemeinen Datenschutzverordnung (RGPD \/ DS-GVO) verwendet haben. Unsere Datenschutzbestimmungen sollten sowohl f\u00fcr die \u00d6ffentlichkeit als auch f\u00fcr unsere Kunden und Gesch\u00e4ftspartner leicht zu lesen und zu verstehen sein. Um dies zu gew\u00e4hrleisten, m\u00f6chten wir die verwendete Terminologie im Voraus erl\u00e4utern.<\/p>\r\n<p>In dieser Datenschutzerkl\u00e4rung verwenden wir unter anderem die folgenden Begriffe:<\/p>\r\n<h3>a) Pers\u00f6nliche Daten<\/h3>\r\n<p>Personenbezogene Daten sind alle Informationen, die sich auf eine bestimmte oder bestimmbare nat\u00fcrliche Person beziehen (im Folgenden &#8222;betroffene Person&#8220;). Als identifizierbar gilt eine nat\u00fcrliche Person, die direkt oder indirekt, insbesondere durch Zuordnung zu einer Kennung wie einem Namen, einer Identifikationsnummer, Standortdaten, einer Online-Kennung oder einem oder mehreren besonderen Merkmalen, das Physikalische, Physiologische, Genetische ausdr\u00fcckt Die geistige, wirtschaftliche, kulturelle oder soziale Identit\u00e4t dieser nat\u00fcrlichen Person kann identifiziert werden.<\/p>\r\n<h3>b) Die betroffene Person<\/h3>\r\n<p>Betroffen ist jede identifizierte oder identifizierbare nat\u00fcrliche Person, deren personenbezogene Daten vom f\u00fcr die Verarbeitung Verantwortlichen verarbeitet werden.<\/p>\r\n<h3>c) Bearbeitung<\/h3>\r\n<p>Die Verarbeitung ist ein Vorgang oder eine Reihe von Vorg\u00e4ngen, die mit oder ohne Hilfe von automatisierten Prozessen im Zusammenhang mit personenbezogenen Daten durchgef\u00fchrt werden, z jede andere Form der Bereitstellung, Vers\u00f6hnung oder Vereinigung, Einschr\u00e4nkung, L\u00f6schung oder Zerst\u00f6rung.<\/p>\r\n<p>d) Einschr\u00e4nkung der Verarbeitung<\/p>\r\n<p>Einschr\u00e4nkung der Verarbeitung ist die Kennzeichnung gespeicherter personenbezogener Daten mit dem Ziel, deren zuk\u00fcnftige Verarbeitung einzuschr\u00e4nken.<\/p>\r\n<h3>e) Profilerstellung<\/h3>\r\n<p>Profilerstellung ist jede Art der automatisierten Verarbeitung personenbezogener Daten, bei der personenbezogene Daten verwendet werden, um bestimmte pers\u00f6nliche Aspekte einer nat\u00fcrlichen Person zu bewerten, insbesondere Aspekte in Bezug auf die Arbeitsleistung, die wirtschaftliche Situation, den Gesundheitszustand, die pers\u00f6nlichen Vorlieben und Interessen zu analysieren oder vorherzusagen , Zuverl\u00e4ssigkeit, Verhalten, Aufenthaltsort oder Umzug dieser nat\u00fcrlichen Person.<\/p>\r\n<h3>f) Pseudonymisierung<\/h3>\r\n<p>Unter Pseudonymisierung versteht man die Verarbeitung personenbezogener Daten in der Weise, dass personenbezogene Daten nicht mehr ohne das Erfordernis zus\u00e4tzlicher Informationen einer bestimmten betroffenen Person zugeordnet werden k\u00f6nnen, sofern diese zus\u00e4tzlichen Informationen getrennt aufbewahrt werden und technischen und organisatorischen Ma\u00dfnahmen unterliegen, um sicherzustellen, dass die personenbezogene Daten, die keiner bestimmten oder bestimmbaren nat\u00fcrlichen Person zugeordnet sind.<\/p>\r\n<h3>g) Controller oder Controller<\/h3>\r\n<p>Der f\u00fcr die Verarbeitung Verantwortliche oder Verantwortliche ist die nat\u00fcrliche oder juristische Person, Beh\u00f6rde, Einrichtung oder Einrichtung, die allein oder gemeinsam mit anderen \u00fcber die Zwecke und Mittel der Verarbeitung personenbezogener Daten entscheidet. Wenn die Zwecke und Mittel dieser Verarbeitung durch das Unionsrecht oder das Recht der Mitgliedstaaten bestimmt werden, kann der f\u00fcr die Verarbeitung Verantwortliche oder die spezifischen Kriterien f\u00fcr seine Benennung nach Unionsrecht oder nationalem Recht festgelegt werden.<\/p>\r\n<h3>h) Prozessor<\/h3>\r\n<p>Ein Auftragsverarbeiter ist eine nat\u00fcrliche oder juristische Person, eine Beh\u00f6rde, eine Einrichtung oder eine Einrichtung, die im Auftrag des f\u00fcr die Verarbeitung Verantwortlichen personenbezogene Daten verarbeitet.<\/p>\r\n<h3>i) Empf\u00e4nger<\/h3>\r\n<p>Der Empf\u00e4nger ist eine nat\u00fcrliche oder juristische Person, eine Agentur, eine Agentur oder eine andere Einrichtung, an die personenbezogene Daten weitergegeben werden, unabh\u00e4ngig davon, ob es sich um Dritte handelt oder nicht. Beh\u00f6rden, die im Zusammenhang mit einem bestimmten Auftrag nach Unionsrecht oder nationalem Recht personenbezogene Daten erhalten k\u00f6nnen, gelten jedoch nicht als Beg\u00fcnstigte.<\/p>\r\n<h3>j) Dritte<\/h3>\r\n<p>Drittens handelt es sich um eine nat\u00fcrliche oder juristische Person, eine Beh\u00f6rde, eine andere Stelle oder Stelle als die betroffene Person, den f\u00fcr die Verarbeitung Verantwortlichen, den Auftragsverarbeiter und die Personen, die unter der direkten Verantwortung des f\u00fcr die Verarbeitung Verantwortlichen oder Auftragsverarbeiters zur Verarbeitung der personenbezogenen Daten befugt sind.<\/p>\r\n<h3>k) Zustimmung<\/h3>\r\n<p>Einwilligung ist jede freiwillige und eindeutige Willenserkl\u00e4rung der betroffenen Person auf informierte und eindeutige Weise in Form einer Erkl\u00e4rung oder eines anderen eindeutigen Best\u00e4tigungsakts, der der betroffenen Person anzeigt, dass sie der Verarbeitung der sie betreffenden personenbezogenen Daten zustimmt .<\/p>","protected":false},"excerpt":{"rendered":"<p>Datenschutz &nbsp; Datenschutz hat f\u00fcr Scubanautic eine sehr hohe Priorit\u00e4t. Eine Nutzung unserer Internetseiten von Scubanautic.com ist grunds\u00e4tzlich ohne Angabe personenbezogener Daten m\u00f6glich. M\u00f6chte eine betroffene Person jedoch die speziellen Dienste unseres Unternehmens \u00fcber unsere Website nutzen, kann eine Verarbeitung personenbezogener Daten erforderlich sein. Wenn die Verarbeitung personenbezogener Daten erforderlich ist, holen wir in der [&hellip;]<\/p>\n","protected":false},"author":1,"featured_media":0,"parent":0,"menu_order":0,"comment_status":"closed","ping_status":"open","template":"","meta":[],"acf":[],"yoast_head":"<!-- This site is optimized with the Yoast SEO plugin v20.11 - https:\/\/yoast.com\/wordpress\/plugins\/seo\/ -->\n<title>Datenschutz-Bestimmungen - Scubanautic<\/title>\n<meta name=\"description\" content=\"Read our Scuba Diving Mallorca privacy policy how Scubanautic protects your data while you explore with our expert Dive Center Mallorca team.\" \/>\n<meta name=\"robots\" content=\"index, follow, max-snippet:-1, max-image-preview:large, max-video-preview:-1\" \/>\n<link rel=\"canonical\" href=\"https:\/\/www.scubanautic.com\/privacy-policy\/\" \/>\n<meta property=\"og:locale\" content=\"de_DE\" \/>\n<meta property=\"og:type\" content=\"article\" \/>\n<meta property=\"og:title\" content=\"[:en]Privacy Policy[:es]Pol\u00edtica de privacidad[:de]Datenschutz-Bestimmungen[:] - Scubanautic\" \/>\n<meta property=\"og:description\" content=\"Read our Scuba Diving Mallorca privacy policy how Scubanautic protects your data while you explore with our expert Dive Center Mallorca team.\" \/>\n<meta property=\"og:url\" content=\"https:\/\/www.scubanautic.com\/privacy-policy\/\" \/>\n<meta property=\"og:site_name\" content=\"Scubanautic\" \/>\n<meta property=\"article:modified_time\" content=\"2026-02-03T09:10:02+00:00\" \/>\n<meta name=\"twitter:card\" content=\"summary_large_image\" \/>\n<meta name=\"twitter:label1\" content=\"Gesch\u00e4tzte Lesezeit\" \/>\n\t<meta name=\"twitter:data1\" content=\"4\u00a0Minuten\" \/>\n<script type=\"application\/ld+json\" class=\"yoast-schema-graph\">{\"@context\":\"https:\/\/schema.org\",\"@graph\":[{\"@type\":\"WebPage\",\"@id\":\"https:\/\/www.scubanautic.com\/privacy-policy\/\",\"url\":\"https:\/\/www.scubanautic.com\/privacy-policy\/\",\"name\":\"[:en]Privacy Policy[:es]Pol\u00edtica de privacidad[:de]Datenschutz-Bestimmungen[:] - Scubanautic\",\"isPartOf\":{\"@id\":\"https:\/\/www.scubanautic.com\/de\/#website\"},\"datePublished\":\"2019-07-29T09:02:37+00:00\",\"dateModified\":\"2026-02-03T09:10:02+00:00\",\"description\":\"Read our Scuba Diving Mallorca privacy policy how Scubanautic protects your data while you explore with our expert Dive Center Mallorca team.\",\"breadcrumb\":{\"@id\":\"https:\/\/www.scubanautic.com\/privacy-policy\/#breadcrumb\"},\"inLanguage\":\"de\",\"potentialAction\":[{\"@type\":\"ReadAction\",\"target\":[\"https:\/\/www.scubanautic.com\/privacy-policy\/\"]}]},{\"@type\":\"BreadcrumbList\",\"@id\":\"https:\/\/www.scubanautic.com\/privacy-policy\/#breadcrumb\",\"itemListElement\":[{\"@type\":\"ListItem\",\"position\":1,\"name\":\"Home\",\"item\":\"https:\/\/www.scubanautic.com\/\"},{\"@type\":\"ListItem\",\"position\":2,\"name\":\"Privacy Policy\"}]},{\"@type\":\"WebSite\",\"@id\":\"https:\/\/www.scubanautic.com\/de\/#website\",\"url\":\"https:\/\/www.scubanautic.com\/de\/\",\"name\":\"Scubanautic\",\"description\":\"Welcome to Scubanautic Mallorca\",\"potentialAction\":[{\"@type\":\"SearchAction\",\"target\":{\"@type\":\"EntryPoint\",\"urlTemplate\":\"https:\/\/www.scubanautic.com\/de\/?s={search_term_string}\"},\"query-input\":\"required name=search_term_string\"}],\"inLanguage\":\"de\"}]}<\/script>\n<!-- \/ Yoast SEO plugin. -->","yoast_head_json":{"title":"[:en]Privacy Policy[:es]Pol\u00edtica de privacidad[:de]Datenschutz-Bestimmungen[:] - Scubanautic","description":"Read our Scuba Diving Mallorca privacy policy how Scubanautic protects your data while you explore with our expert Dive Center Mallorca team.","robots":{"index":"index","follow":"follow","max-snippet":"max-snippet:-1","max-image-preview":"max-image-preview:large","max-video-preview":"max-video-preview:-1"},"canonical":"https:\/\/www.scubanautic.com\/privacy-policy\/","og_locale":"de_DE","og_type":"article","og_title":"[:en]Privacy Policy[:es]Pol\u00edtica de privacidad[:de]Datenschutz-Bestimmungen[:] - Scubanautic","og_description":"Read our Scuba Diving Mallorca privacy policy how Scubanautic protects your data while you explore with our expert Dive Center Mallorca team.","og_url":"https:\/\/www.scubanautic.com\/privacy-policy\/","og_site_name":"Scubanautic","article_modified_time":"2026-02-03T09:10:02+00:00","twitter_card":"summary_large_image","twitter_misc":{"Gesch\u00e4tzte Lesezeit":"4\u00a0Minuten"},"schema":{"@context":"https:\/\/schema.org","@graph":[{"@type":"WebPage","@id":"https:\/\/www.scubanautic.com\/privacy-policy\/","url":"https:\/\/www.scubanautic.com\/privacy-policy\/","name":"[:en]Privacy Policy[:es]Pol\u00edtica de privacidad[:de]Datenschutz-Bestimmungen[:] - Scubanautic","isPartOf":{"@id":"https:\/\/www.scubanautic.com\/de\/#website"},"datePublished":"2019-07-29T09:02:37+00:00","dateModified":"2026-02-03T09:10:02+00:00","description":"Read our Scuba Diving Mallorca privacy policy how Scubanautic protects your data while you explore with our expert Dive Center Mallorca team.","breadcrumb":{"@id":"https:\/\/www.scubanautic.com\/privacy-policy\/#breadcrumb"},"inLanguage":"de","potentialAction":[{"@type":"ReadAction","target":["https:\/\/www.scubanautic.com\/privacy-policy\/"]}]},{"@type":"BreadcrumbList","@id":"https:\/\/www.scubanautic.com\/privacy-policy\/#breadcrumb","itemListElement":[{"@type":"ListItem","position":1,"name":"Home","item":"https:\/\/www.scubanautic.com\/"},{"@type":"ListItem","position":2,"name":"Privacy Policy"}]},{"@type":"WebSite","@id":"https:\/\/www.scubanautic.com\/de\/#website","url":"https:\/\/www.scubanautic.com\/de\/","name":"Scubanautic","description":"Welcome to Scubanautic Mallorca","potentialAction":[{"@type":"SearchAction","target":{"@type":"EntryPoint","urlTemplate":"https:\/\/www.scubanautic.com\/de\/?s={search_term_string}"},"query-input":"required name=search_term_string"}],"inLanguage":"de"}]}},"_links":{"self":[{"href":"https:\/\/www.scubanautic.com\/de\/wp-json\/wp\/v2\/pages\/3"}],"collection":[{"href":"https:\/\/www.scubanautic.com\/de\/wp-json\/wp\/v2\/pages"}],"about":[{"href":"https:\/\/www.scubanautic.com\/de\/wp-json\/wp\/v2\/types\/page"}],"author":[{"embeddable":true,"href":"https:\/\/www.scubanautic.com\/de\/wp-json\/wp\/v2\/users\/1"}],"replies":[{"embeddable":true,"href":"https:\/\/www.scubanautic.com\/de\/wp-json\/wp\/v2\/comments?post=3"}],"version-history":[{"count":5,"href":"https:\/\/www.scubanautic.com\/de\/wp-json\/wp\/v2\/pages\/3\/revisions"}],"predecessor-version":[{"id":7963,"href":"https:\/\/www.scubanautic.com\/de\/wp-json\/wp\/v2\/pages\/3\/revisions\/7963"}],"wp:attachment":[{"href":"https:\/\/www.scubanautic.com\/de\/wp-json\/wp\/v2\/media?parent=3"}],"curies":[{"name":"wp","href":"https:\/\/api.w.org\/{rel}","templated":true}]}}