{"id":313,"date":"2019-09-06T07:41:10","date_gmt":"2019-09-06T07:41:10","guid":{"rendered":"http:\/\/scubanautic.com\/?page_id=313"},"modified":"2026-02-03T08:57:18","modified_gmt":"2026-02-03T08:57:18","slug":"about-us","status":"publish","type":"page","link":"https:\/\/www.scubanautic.com\/de\/about-us\/","title":{"rendered":"Tauchen auf Mallorca"},"content":{"rendered":"<p><strong>Mallorca z\u00e4hlt zu den sch\u00f6nsten Tauchgebieten im Mittelmeer.<\/strong><\/p>\n<p>Viele, die bei Mallorca nur an Massentourismus und Ballermann denken sind oft \u00fcberrascht wenn Sie die Mittelmeerinsel das erste Mal Unterwasser sehen. Tats\u00e4chlich ist Mallorca heute durch viele Naturparks und Naturschutzgebiete eines der interessantesten Tauchgebiete des Mare Nostrum. Die mallorquinische Regierung hat in den letzten Jahren ganze Arbeit geleistet um Mallorcas Natur zu sch\u00fctzen und f\u00fcr zuk\u00fcnftige Generationen zu bewahren.<\/p>\n<p>Gerade Naturparks wie die Inseln<a href=\"https:\/\/www.scubanautic.com\/de\/2020\/04\/06\/series-part-1-the-dragon-island-dragonera-natural-park\/\"> \u201eDragonera\u201c<\/a>, <a href=\"https:\/\/www.scubanautic.com\/de\/2020\/04\/16\/series-part-4-cabrera\/\">\u201eCabrera\u201c<\/a>, <a href=\"https:\/\/www.scubanautic.com\/de\/2020\/04\/10\/series-part-2-el-toro-nature-reserve\/\">\u201eEl Toro\u201c<\/a> oder die Naturschutzgebiete an der Ostk\u00fcste der Insel wie die<a href=\"https:\/\/www.scubanautic.com\/de\/2020\/04\/12\/series-part-3-reserva-marina-de-levant\/\"> \u201eReserva Marina de Levant\u201c<\/a> n\u00f6rdlich von Font de Sa Cala, bieten Taucherlebnisse der Spitzenklasse.<\/p>\n<p>Schon allein die unglaublich vielseitigen Unterwasserlandschaften, angefangen vom t\u00fcrkisfarbenen Meer \u00fcber wei\u00dfem Sandboden, \u00fcber die gesch\u00fctzten Neptungrasb\u00f6den und bizarre Felsformationen bis hin zu Unterwassercanyons, Grotten die wie Kathedralen anmuten, versunkene Tropfstein-H\u00f6hlen bis hin zu H\u00f6hlenlabyrinthen, die sich wie ein Schweizer K\u00e4se durch den Fels erstrecken, sind viele ausgiebige Tauchg\u00e4nge wert.<\/p>\n<p>Doch damit nicht genug. Wer einmal mitten durch einen Schwarm hunderter Barrakudas im Naturpark Dragonera oder bei El Toro getaucht ist, oder die Drachenk\u00f6pfe bei einem Nachttauchgang entdeckt hat, wundert sich bald auch nicht mehr \u00fcber die st\u00e4ndigen Begegnungen mit Oktopussen, Teppichrochen, Zackenbarschen, Mur\u00e4nen, Conger-Aalen, B\u00e4renkrebsen, Einsiedlerkrebsen und Langusten.<\/p>\n<p>Wer Gl\u00fcck hat sieht auch Mondfische, Delfine und manchmal Seepferdchen aber da muss man grade in den Naturparks die Augen schon weit offen halten, denn dort herrscht erstmal Fischsuppe. Goldstriemen, M\u00f6nchsfische, Gaffelmakrelen und besonders im Herbst unglaublich riesige Thunfisch- und Stachelmakrelenschw\u00e4rme sind schon ein Erlebnis f\u00fcr sich und einige interessante Wracks warten auf Ihre Entdeckung.<\/p>\n<p><strong>Im Letzen Jahr gab es vor Part de Soller im Norden der Insel einige Pottwal-Sichtungen&#8230; Auf Mallorca ist alles m\u00f6glich.<\/strong><\/p>\n<p>Dazu machen Wassertemperaturen von bis zu 29 Grad im Hochsommer das Tauchen zu einem Wellnesserlebnis der Sonderklasse.<br \/>\nMit \u00fcber 40 Tauchbasen, die rund um die Insel verteilt sind gibt es eine taucherische Infrastruktur die verglichen zur Gr\u00f6\u00dfe der Insel europaweit Ihres Gleichen sucht. Ob Schnuppertauchen, Tauchkurse f\u00fcr Anf\u00e4nger und Fortgeschrittene, mit Brevetierungen von allen gro\u00dfen Tauchsportorganisationen bis hin zu technischem Tauchen mit Trimix oder Rebreathern ist hier alles m\u00f6glich. F\u00fcr Notf\u00e4lle gibt es das Druckkammerzentrum in Palma, das von \u00fcberall auf der Insel in k\u00fcrzester Zeit zu erreichen ist.<\/p>\n<p>Dabei bietet dieses Tauchgebiet, das von den meisten europ\u00e4ischen Metropolen mit sehr g\u00fcnstigen Fl\u00fcgen in nicht viel mehr als 2 Stunden zu erreichen ist, zudem alles f\u00fcr einen Urlaub nach jedem Geschmack. Ob ein Ferienhaus auf dem Land oder eine Apartment oder Hotelzimmer direkt am Meer, hier finden Individualisten ebenso wie Familien oder Tauchclubs nahezu \u00fcberall die ideale Unterkunft in der N\u00e4he der Tauchbasis Ihrer Wahl ohne dass eventuell mitreisende Nichttaucher auf einen tollen Urlaub verzichten m\u00fcssten.<\/p>\n<p><strong>Die kulinarischen Vorz\u00fcge der Insel sind wohl weit \u00fcber die Grenzen bekannt und die Mallorquinischen Weine geh\u00f6ren als Geheimtipp zu dem besten Spaniens.<\/strong><\/p>\n<p>F\u00fcr diejenigen die das Deko-Bier bevorzugen gibt es ebenfalls unz\u00e4hlige M\u00f6glichkeiten direkt bei vielen Tauchbasen aber auch auf den Terrassen der vielen Bars mit wundervollem Meerblick kann man mit dem Buddy die Erlebnisse des Tages nochmal an sich vorbeiziehen lassen.<\/p>\n<p>Zudem gibt es auch f\u00fcr Nichttaucher eine unglaubliche Vielfalt an m\u00f6glichen Aktivit\u00e4ten, ob es Sportarten wie Radfahren, Tennis, Reiten, Golf oder viele andere sind. Viele Tauchbasen bieten auch Stand up Paddling an oder verleihen Kajaks. Zahlreiche SPA -Hotels bieten Wellness vom Allerfeinsten f\u00fcr den Apr\u00e8z Dive an.<\/p>\n<p>SCUBANAUTIC.com hilft Euch dabei, Euren Idealen Mallorca Tauchurlaub zu planen und zu organisieren. Wenn Ihr Fragen habt oder weitere Informationen ben\u00f6tigt, sei es zu Tauchbasen, Tauchgebieten, Unterk\u00fcnften oder allen anderen Fragen zu Eurem Tauchurlaub auf Mallorca. Sendet einfach eine Email an info@scubanautic.com und wir sind mit Rat und Tat f\u00fcr Euch da.<\/p>\n<p><strong>SCUBANAUTIC.com\u2026\u2026it\u2019s not a website\u2026it\u2019s a dive site!!!<\/strong><\/p>","protected":false},"excerpt":{"rendered":"<p>Mallorca z\u00e4hlt zu den sch\u00f6nsten Tauchgebieten im Mittelmeer. Viele, die bei Mallorca nur an Massentourismus und Ballermann denken sind oft \u00fcberrascht wenn Sie die Mittelmeerinsel das erste Mal Unterwasser sehen. Tats\u00e4chlich ist Mallorca heute durch viele Naturparks und Naturschutzgebiete eines der interessantesten Tauchgebiete des Mare Nostrum. Die mallorquinische Regierung hat in den letzten Jahren ganze [&hellip;]<\/p>\n","protected":false},"author":1,"featured_media":412,"parent":0,"menu_order":0,"comment_status":"closed","ping_status":"closed","template":"about-us.php","meta":[],"acf":[],"yoast_head":"<!-- This site is optimized with the Yoast SEO plugin v20.11 - https:\/\/yoast.com\/wordpress\/plugins\/seo\/ -->\n<title>Tauchen auf Mallorca - Scubanautic<\/title>\n<meta name=\"description\" content=\"About us \u2014 passionate Dive Center Mallorca professionals dedicated to safe, fun, and memorable scuba diving experiences in Mallorca.\" \/>\n<meta name=\"robots\" content=\"index, follow, max-snippet:-1, max-image-preview:large, max-video-preview:-1\" \/>\n<link rel=\"canonical\" href=\"https:\/\/www.scubanautic.com\/about-us\/\" \/>\n<meta property=\"og:locale\" content=\"de_DE\" \/>\n<meta property=\"og:type\" content=\"article\" \/>\n<meta property=\"og:title\" content=\"[:en]Diving in Mallorca[:es]Bucear en Mallorca[:de]Tauchen auf Mallorca[:] - Scubanautic\" \/>\n<meta property=\"og:description\" content=\"About us \u2014 passionate Dive Center Mallorca professionals dedicated to safe, fun, and memorable scuba diving experiences in Mallorca.\" \/>\n<meta property=\"og:url\" content=\"https:\/\/www.scubanautic.com\/about-us\/\" \/>\n<meta property=\"og:site_name\" content=\"Scubanautic\" \/>\n<meta property=\"article:modified_time\" content=\"2026-02-03T08:57:18+00:00\" \/>\n<meta property=\"og:image\" content=\"https:\/\/www.scubanautic.com\/wp-content\/uploads\/2019\/09\/About-Image.jpg\" \/>\n\t<meta property=\"og:image:width\" content=\"440\" \/>\n\t<meta property=\"og:image:height\" content=\"330\" \/>\n\t<meta property=\"og:image:type\" content=\"image\/jpeg\" \/>\n<meta name=\"twitter:card\" content=\"summary_large_image\" \/>\n<meta name=\"twitter:label1\" content=\"Gesch\u00e4tzte Lesezeit\" \/>\n\t<meta name=\"twitter:data1\" content=\"4\u00a0Minuten\" \/>\n<script type=\"application\/ld+json\" class=\"yoast-schema-graph\">{\"@context\":\"https:\/\/schema.org\",\"@graph\":[{\"@type\":\"WebPage\",\"@id\":\"https:\/\/www.scubanautic.com\/about-us\/\",\"url\":\"https:\/\/www.scubanautic.com\/about-us\/\",\"name\":\"[:en]Diving in Mallorca[:es]Bucear en Mallorca[:de]Tauchen auf Mallorca[:] - Scubanautic\",\"isPartOf\":{\"@id\":\"https:\/\/www.scubanautic.com\/de\/#website\"},\"datePublished\":\"2019-09-06T07:41:10+00:00\",\"dateModified\":\"2026-02-03T08:57:18+00:00\",\"description\":\"About us \u2014 passionate Dive Center Mallorca professionals dedicated to safe, fun, and memorable scuba diving experiences in Mallorca.\",\"breadcrumb\":{\"@id\":\"https:\/\/www.scubanautic.com\/about-us\/#breadcrumb\"},\"inLanguage\":\"de\",\"potentialAction\":[{\"@type\":\"ReadAction\",\"target\":[\"https:\/\/www.scubanautic.com\/about-us\/\"]}]},{\"@type\":\"BreadcrumbList\",\"@id\":\"https:\/\/www.scubanautic.com\/about-us\/#breadcrumb\",\"itemListElement\":[{\"@type\":\"ListItem\",\"position\":1,\"name\":\"Home\",\"item\":\"https:\/\/www.scubanautic.com\/\"},{\"@type\":\"ListItem\",\"position\":2,\"name\":\"Diving in Mallorca\"}]},{\"@type\":\"WebSite\",\"@id\":\"https:\/\/www.scubanautic.com\/de\/#website\",\"url\":\"https:\/\/www.scubanautic.com\/de\/\",\"name\":\"Scubanautic\",\"description\":\"Welcome to Scubanautic Mallorca\",\"potentialAction\":[{\"@type\":\"SearchAction\",\"target\":{\"@type\":\"EntryPoint\",\"urlTemplate\":\"https:\/\/www.scubanautic.com\/de\/?s={search_term_string}\"},\"query-input\":\"required name=search_term_string\"}],\"inLanguage\":\"de\"}]}<\/script>\n<!-- \/ Yoast SEO plugin. -->","yoast_head_json":{"title":"[:en]Diving in Mallorca[:es]Bucear en Mallorca[:de]Tauchen auf Mallorca[:] - Scubanautic","description":"About us \u2014 passionate Dive Center Mallorca professionals dedicated to safe, fun, and memorable scuba diving experiences in Mallorca.","robots":{"index":"index","follow":"follow","max-snippet":"max-snippet:-1","max-image-preview":"max-image-preview:large","max-video-preview":"max-video-preview:-1"},"canonical":"https:\/\/www.scubanautic.com\/about-us\/","og_locale":"de_DE","og_type":"article","og_title":"[:en]Diving in Mallorca[:es]Bucear en Mallorca[:de]Tauchen auf Mallorca[:] - Scubanautic","og_description":"About us \u2014 passionate Dive Center Mallorca professionals dedicated to safe, fun, and memorable scuba diving experiences in Mallorca.","og_url":"https:\/\/www.scubanautic.com\/about-us\/","og_site_name":"Scubanautic","article_modified_time":"2026-02-03T08:57:18+00:00","og_image":[{"width":440,"height":330,"url":"https:\/\/www.scubanautic.com\/wp-content\/uploads\/2019\/09\/About-Image.jpg","type":"image\/jpeg"}],"twitter_card":"summary_large_image","twitter_misc":{"Gesch\u00e4tzte Lesezeit":"4\u00a0Minuten"},"schema":{"@context":"https:\/\/schema.org","@graph":[{"@type":"WebPage","@id":"https:\/\/www.scubanautic.com\/about-us\/","url":"https:\/\/www.scubanautic.com\/about-us\/","name":"[:en]Diving in Mallorca[:es]Bucear en Mallorca[:de]Tauchen auf Mallorca[:] - Scubanautic","isPartOf":{"@id":"https:\/\/www.scubanautic.com\/de\/#website"},"datePublished":"2019-09-06T07:41:10+00:00","dateModified":"2026-02-03T08:57:18+00:00","description":"About us \u2014 passionate Dive Center Mallorca professionals dedicated to safe, fun, and memorable scuba diving experiences in Mallorca.","breadcrumb":{"@id":"https:\/\/www.scubanautic.com\/about-us\/#breadcrumb"},"inLanguage":"de","potentialAction":[{"@type":"ReadAction","target":["https:\/\/www.scubanautic.com\/about-us\/"]}]},{"@type":"BreadcrumbList","@id":"https:\/\/www.scubanautic.com\/about-us\/#breadcrumb","itemListElement":[{"@type":"ListItem","position":1,"name":"Home","item":"https:\/\/www.scubanautic.com\/"},{"@type":"ListItem","position":2,"name":"Diving in Mallorca"}]},{"@type":"WebSite","@id":"https:\/\/www.scubanautic.com\/de\/#website","url":"https:\/\/www.scubanautic.com\/de\/","name":"Scubanautic","description":"Welcome to Scubanautic Mallorca","potentialAction":[{"@type":"SearchAction","target":{"@type":"EntryPoint","urlTemplate":"https:\/\/www.scubanautic.com\/de\/?s={search_term_string}"},"query-input":"required name=search_term_string"}],"inLanguage":"de"}]}},"_links":{"self":[{"href":"https:\/\/www.scubanautic.com\/de\/wp-json\/wp\/v2\/pages\/313"}],"collection":[{"href":"https:\/\/www.scubanautic.com\/de\/wp-json\/wp\/v2\/pages"}],"about":[{"href":"https:\/\/www.scubanautic.com\/de\/wp-json\/wp\/v2\/types\/page"}],"author":[{"embeddable":true,"href":"https:\/\/www.scubanautic.com\/de\/wp-json\/wp\/v2\/users\/1"}],"replies":[{"embeddable":true,"href":"https:\/\/www.scubanautic.com\/de\/wp-json\/wp\/v2\/comments?post=313"}],"version-history":[{"count":34,"href":"https:\/\/www.scubanautic.com\/de\/wp-json\/wp\/v2\/pages\/313\/revisions"}],"predecessor-version":[{"id":7959,"href":"https:\/\/www.scubanautic.com\/de\/wp-json\/wp\/v2\/pages\/313\/revisions\/7959"}],"wp:featuredmedia":[{"embeddable":true,"href":"https:\/\/www.scubanautic.com\/de\/wp-json\/wp\/v2\/media\/412"}],"wp:attachment":[{"href":"https:\/\/www.scubanautic.com\/de\/wp-json\/wp\/v2\/media?parent=313"}],"curies":[{"name":"wp","href":"https:\/\/api.w.org\/{rel}","templated":true}]}}