{"id":731,"date":"2019-10-07T05:31:43","date_gmt":"2019-10-07T05:31:43","guid":{"rendered":"https:\/\/www.scubanautic.com\/?page_id=731"},"modified":"2025-11-14T12:44:17","modified_gmt":"2025-11-14T12:44:17","slug":"snorkeling-mallorca","status":"publish","type":"page","link":"https:\/\/www.scubanautic.com\/de\/snorkeling-mallorca\/","title":{"rendered":"Schnorcheln auf Mallorca"},"content":{"rendered":"<p><\/p>\n<h2><span style=\"vertical-align: inherit;\"><span style=\"vertical-align: inherit;\">Snorkeling in Mallorca<\/span><\/span><\/h2>\n<p><span style=\"vertical-align: inherit;\"><span style=\"vertical-align: inherit;\">Almost all diving centers in Mallorca offer diving courses. <\/span><span style=\"vertical-align: inherit;\">For beginners as well as advanced divers, diving in Mallorca is possible almost everywhere on the island. <\/span><span style=\"vertical-align: inherit;\">Some dive centers have facilities for experienced and advanced divers who want to dive with mixed gas, trimix or rebreather. <\/span><span style=\"vertical-align: inherit;\">In any case, make great dives with the appropriate certifications on request. <\/span><span style=\"vertical-align: inherit;\">Wreck divers and cave divers in particular can get their money&#8217;s worth here and continue their training or gain experience here.<\/span><\/span><\/p>\n<p><span style=\"vertical-align: inherit;\"><span style=\"vertical-align: inherit;\">However, all diving centers offer trial diving Mallorca and snorkeling trips in Mallorca for beginners without restriction. <\/span><span style=\"vertical-align: inherit;\">That means, even if you have never dived in your life and have no previous knowledge, you can start immediately and explore the underwater world of the diving courses Mallorca tomorrow.<\/span><\/span><\/p>\n<h3><span style=\"vertical-align: inherit;\"><span style=\"vertical-align: inherit;\">There are two possibilities<\/span><\/span><\/h3>\n<ol>\n<li>\n<h4><span style=\"vertical-align: inherit;\"><span style=\"vertical-align: inherit;\">Snorkeling in Mallorca<\/span><\/span><\/h4>\n<\/li>\n<\/ol>\n<p><span style=\"vertical-align: inherit;\"><span style=\"vertical-align: inherit;\">For a snorkeling trip in Mallorca you only need three things: a diving mask, a snorkel and diving fins, the so-called sports equipment. <\/span><span style=\"vertical-align: inherit;\">If you haven&#8217;t brought them from home, you can buy them almost anywhere on the island. <\/span><span style=\"vertical-align: inherit;\">But beware. <\/span><span style=\"vertical-align: inherit;\">Some purchases, for example in a beach kiosk, can turn out to be a mistake in retrospect if the mask does not fit properly and as a result water constantly runs in, the snorkel cuts into the gums or the fins are too tight so that every flap hurts. <\/span><span style=\"vertical-align: inherit;\">Or maybe you&#8217;re sitting too loosely and you can lose it quickly. <\/span><span style=\"vertical-align: inherit;\">The new full face masks, which can be bought on almost every beach, should also be used with caution. <\/span><span style=\"vertical-align: inherit;\">From the surface you can see a lot with them, but since pressure compensation is not possible,<\/span><\/span><\/p>\n<p><span style=\"vertical-align: inherit;\"><span style=\"vertical-align: inherit;\">If you don&#8217;t have equipment for a snorkel in Mallorca, it is better to go to one of the more than 40 diving centers in Mallorca and get advice there. <\/span><span style=\"vertical-align: inherit;\">All dive centers also sell diving accessories such as masks, snorkels, and fins. <\/span><span style=\"vertical-align: inherit;\">It&#8217;s a bit more expensive than at the beach kiosk, but after that it fits and you can snorkel in Mallorca. <\/span><span style=\"vertical-align: inherit;\">Often you can rent the equipment there for a small fee.<\/span><\/span><\/p>\n<p><span style=\"vertical-align: inherit;\"><span style=\"vertical-align: inherit;\">The beach in front of your hotel is perfect for the first snorkeling practice in Mallorca, but if you want to see more than sand and a few silverfish, you should book a snorkeling excursion by boat at a dive center. <\/span><span style=\"vertical-align: inherit;\">Here you can experience the underwater world of Diving Mallorca and collect memories that are still fun after your vacation.<\/span><\/span><\/p>\n<h4><span style=\"vertical-align: inherit;\"><span style=\"vertical-align: inherit;\">\u00a0 \u00a02. Trial diving in Mallorca<\/span><\/span><\/h4>\n<p>Wenn Sie mehr wollen, bieten unsere Tauchkurszentren auf Mallorca auch etwas Au\u00dfergew\u00f6hnliches.<\/p>\n<p>Schnuppertauchen beinhaltet die Teilnahme an einem echten Tauchgang mit einem erfahrenen Tauchlehrer ohne die Verwendung von Ausr\u00fcstung oder Vorkenntnissen. Der Tauchshop stattet Sie mit allem aus, was Sie brauchen, einschlie\u00dflich Druckluftflaschen, Atemregler, Taucheranzug, Maske und Flossen. Nach einem Briefing, in dem du alles erf\u00e4hrst, was du f\u00fcr deinen ersten Tauchgang wissen musst, kann es losgehen. Sie werden auch einen Eindruck davon bekommen, wie es ist, unter Wasser zu sein.<\/p>\n<p>Viele, die diese Erfahrung gemacht haben, haben danach Tauchkurse auf Mallorca besucht und das Tauchen ist zu ihrer Leidenschaft geworden.<\/p>\n<p>Egal wie Sie die Unterwasserwelt Mallorcas entdecken m\u00f6chten\u2026 mit Scubanautic ist alles m\u00f6glich.<\/p>\n<p><span style=\"vertical-align: inherit;\"><span style=\"vertical-align: inherit;\"><span style=\"vertical-align: inherit;\"><span style=\"vertical-align: inherit;\">SCUBANAUTIC.com helps you plan and organize your ideal diving holiday in Mallorca. <\/span><\/span><\/span><span style=\"vertical-align: inherit;\"><span style=\"vertical-align: inherit;\"><span style=\"vertical-align: inherit;\">If you have any questions or need more information about diving courses Mallorca, diving areas, accommodation or other questions about your diving holiday in Mallorca. <\/span><\/span><\/span><span style=\"vertical-align: inherit;\"><span style=\"vertical-align: inherit;\"><span style=\"vertical-align: inherit;\">Just send an email to info@scubanautic.com and we will be there for you with words and deeds.<\/span><\/span><\/span><\/span><\/p>","protected":false},"excerpt":{"rendered":"<p>Snorkeling in Mallorca Almost all diving centers in Mallorca offer diving courses. For beginners as well as advanced divers, diving in Mallorca is possible almost everywhere on the island. Some dive centers have facilities for experienced and advanced divers who want to dive with mixed gas, trimix or rebreather. In any case, make great dives [&hellip;]<\/p>\n","protected":false},"author":1,"featured_media":0,"parent":0,"menu_order":0,"comment_status":"closed","ping_status":"closed","template":"services-template.php","meta":[],"acf":[],"yoast_head":"<!-- This site is optimized with the Yoast SEO plugin v20.11 - https:\/\/yoast.com\/wordpress\/plugins\/seo\/ -->\n<title>cursos de buceo mallorca y snorkel en Mallorca |Buceo en Mallorca<\/title>\n<meta name=\"description\" content=\"Experience Buceo Mallorca with certified instructors. Choose cursos de buceo mallorca or enjoy snorkel en Mallorca\u2014easy booking available!\" \/>\n<meta name=\"robots\" content=\"index, follow, max-snippet:-1, max-image-preview:large, max-video-preview:-1\" \/>\n<link rel=\"canonical\" href=\"https:\/\/www.scubanautic.com\/snorkeling-mallorca\/\" \/>\n<meta property=\"og:locale\" content=\"de_DE\" \/>\n<meta property=\"og:type\" content=\"article\" \/>\n<meta property=\"og:title\" content=\"cursos de buceo mallorca y snorkel en Mallorca |Buceo en Mallorca\" \/>\n<meta property=\"og:description\" content=\"Experience Buceo Mallorca with certified instructors. Choose cursos de buceo mallorca or enjoy snorkel en Mallorca\u2014easy booking available!\" \/>\n<meta property=\"og:url\" content=\"https:\/\/www.scubanautic.com\/snorkeling-mallorca\/\" \/>\n<meta property=\"og:site_name\" content=\"Scubanautic\" \/>\n<meta property=\"article:modified_time\" content=\"2025-11-14T12:44:17+00:00\" \/>\n<meta name=\"twitter:card\" content=\"summary_large_image\" \/>\n<meta name=\"twitter:label1\" content=\"Gesch\u00e4tzte Lesezeit\" \/>\n\t<meta name=\"twitter:data1\" content=\"3\u00a0Minuten\" \/>\n<script type=\"application\/ld+json\" class=\"yoast-schema-graph\">{\"@context\":\"https:\/\/schema.org\",\"@graph\":[{\"@type\":\"WebPage\",\"@id\":\"https:\/\/www.scubanautic.com\/snorkeling-mallorca\/\",\"url\":\"https:\/\/www.scubanautic.com\/snorkeling-mallorca\/\",\"name\":\"cursos de buceo mallorca y snorkel en Mallorca |Buceo en Mallorca\",\"isPartOf\":{\"@id\":\"https:\/\/www.scubanautic.com\/de\/#website\"},\"datePublished\":\"2019-10-07T05:31:43+00:00\",\"dateModified\":\"2025-11-14T12:44:17+00:00\",\"description\":\"Experience Buceo Mallorca with certified instructors. Choose cursos de buceo mallorca or enjoy snorkel en Mallorca\u2014easy booking available!\",\"breadcrumb\":{\"@id\":\"https:\/\/www.scubanautic.com\/snorkeling-mallorca\/#breadcrumb\"},\"inLanguage\":\"de\",\"potentialAction\":[{\"@type\":\"ReadAction\",\"target\":[\"https:\/\/www.scubanautic.com\/snorkeling-mallorca\/\"]}]},{\"@type\":\"BreadcrumbList\",\"@id\":\"https:\/\/www.scubanautic.com\/snorkeling-mallorca\/#breadcrumb\",\"itemListElement\":[{\"@type\":\"ListItem\",\"position\":1,\"name\":\"Home\",\"item\":\"https:\/\/www.scubanautic.com\/\"},{\"@type\":\"ListItem\",\"position\":2,\"name\":\"Snorkeling Mallorca\"}]},{\"@type\":\"WebSite\",\"@id\":\"https:\/\/www.scubanautic.com\/de\/#website\",\"url\":\"https:\/\/www.scubanautic.com\/de\/\",\"name\":\"Scubanautic\",\"description\":\"Welcome to Scubanautic Mallorca\",\"potentialAction\":[{\"@type\":\"SearchAction\",\"target\":{\"@type\":\"EntryPoint\",\"urlTemplate\":\"https:\/\/www.scubanautic.com\/de\/?s={search_term_string}\"},\"query-input\":\"required name=search_term_string\"}],\"inLanguage\":\"de\"}]}<\/script>\n<!-- \/ Yoast SEO plugin. -->","yoast_head_json":{"title":"cursos de buceo mallorca y snorkel en Mallorca |Buceo en Mallorca","description":"Experience Buceo Mallorca with certified instructors. Choose cursos de buceo mallorca or enjoy snorkel en Mallorca\u2014easy booking available!","robots":{"index":"index","follow":"follow","max-snippet":"max-snippet:-1","max-image-preview":"max-image-preview:large","max-video-preview":"max-video-preview:-1"},"canonical":"https:\/\/www.scubanautic.com\/snorkeling-mallorca\/","og_locale":"de_DE","og_type":"article","og_title":"cursos de buceo mallorca y snorkel en Mallorca |Buceo en Mallorca","og_description":"Experience Buceo Mallorca with certified instructors. Choose cursos de buceo mallorca or enjoy snorkel en Mallorca\u2014easy booking available!","og_url":"https:\/\/www.scubanautic.com\/snorkeling-mallorca\/","og_site_name":"Scubanautic","article_modified_time":"2025-11-14T12:44:17+00:00","twitter_card":"summary_large_image","twitter_misc":{"Gesch\u00e4tzte Lesezeit":"3\u00a0Minuten"},"schema":{"@context":"https:\/\/schema.org","@graph":[{"@type":"WebPage","@id":"https:\/\/www.scubanautic.com\/snorkeling-mallorca\/","url":"https:\/\/www.scubanautic.com\/snorkeling-mallorca\/","name":"cursos de buceo mallorca y snorkel en Mallorca |Buceo en Mallorca","isPartOf":{"@id":"https:\/\/www.scubanautic.com\/de\/#website"},"datePublished":"2019-10-07T05:31:43+00:00","dateModified":"2025-11-14T12:44:17+00:00","description":"Experience Buceo Mallorca with certified instructors. Choose cursos de buceo mallorca or enjoy snorkel en Mallorca\u2014easy booking available!","breadcrumb":{"@id":"https:\/\/www.scubanautic.com\/snorkeling-mallorca\/#breadcrumb"},"inLanguage":"de","potentialAction":[{"@type":"ReadAction","target":["https:\/\/www.scubanautic.com\/snorkeling-mallorca\/"]}]},{"@type":"BreadcrumbList","@id":"https:\/\/www.scubanautic.com\/snorkeling-mallorca\/#breadcrumb","itemListElement":[{"@type":"ListItem","position":1,"name":"Home","item":"https:\/\/www.scubanautic.com\/"},{"@type":"ListItem","position":2,"name":"Snorkeling Mallorca"}]},{"@type":"WebSite","@id":"https:\/\/www.scubanautic.com\/de\/#website","url":"https:\/\/www.scubanautic.com\/de\/","name":"Scubanautic","description":"Welcome to Scubanautic Mallorca","potentialAction":[{"@type":"SearchAction","target":{"@type":"EntryPoint","urlTemplate":"https:\/\/www.scubanautic.com\/de\/?s={search_term_string}"},"query-input":"required name=search_term_string"}],"inLanguage":"de"}]}},"_links":{"self":[{"href":"https:\/\/www.scubanautic.com\/de\/wp-json\/wp\/v2\/pages\/731"}],"collection":[{"href":"https:\/\/www.scubanautic.com\/de\/wp-json\/wp\/v2\/pages"}],"about":[{"href":"https:\/\/www.scubanautic.com\/de\/wp-json\/wp\/v2\/types\/page"}],"author":[{"embeddable":true,"href":"https:\/\/www.scubanautic.com\/de\/wp-json\/wp\/v2\/users\/1"}],"replies":[{"embeddable":true,"href":"https:\/\/www.scubanautic.com\/de\/wp-json\/wp\/v2\/comments?post=731"}],"version-history":[{"count":36,"href":"https:\/\/www.scubanautic.com\/de\/wp-json\/wp\/v2\/pages\/731\/revisions"}],"predecessor-version":[{"id":7944,"href":"https:\/\/www.scubanautic.com\/de\/wp-json\/wp\/v2\/pages\/731\/revisions\/7944"}],"wp:attachment":[{"href":"https:\/\/www.scubanautic.com\/de\/wp-json\/wp\/v2\/media?parent=731"}],"curies":[{"name":"wp","href":"https:\/\/api.w.org\/{rel}","templated":true}]}}