{"id":2,"date":"2019-07-29T09:02:37","date_gmt":"2019-07-29T09:02:37","guid":{"rendered":"http:\/\/scubanautic.com\/?page_id=2"},"modified":"2026-02-03T09:11:12","modified_gmt":"2026-02-03T09:11:12","slug":"sample-page","status":"publish","type":"page","link":"https:\/\/www.scubanautic.com\/es\/sample-page\/","title":{"rendered":"P\u00e1gina de Ejemplo"},"content":{"rendered":"<! - wp: p\u00e1rrafo ->\r\n<p> Esta es una p\u00e1gina de ejemplo. Es diferente de una publicaci\u00f3n de blog porque permanecer\u00e1 en un solo lugar y aparecer\u00e1 en la navegaci\u00f3n de su sitio (en la mayor\u00eda de los temas). La mayor\u00eda de las personas comienzan con una p\u00e1gina Acerca de que les presenta a los visitantes potenciales del sitio. Podr\u00eda decir algo como esto: <\/p>\r\n<! - \/ wp: p\u00e1rrafo ->\r\n\r\n<! - wp: cita ->\r\n<blockquote class = \"wp-block-quote\"> <p> \u00a1Hola! Soy mensajero en bicicleta de d\u00eda, aspirante a actor de noche, y este es mi sitio web. Vivo en Los \u00c1ngeles, tengo un gran perro llamado Jack, y me gusta pi &#038; # 241; a coladas. (Y quedar atrapado bajo la lluvia.) <\/p> <\/blockquote>\r\n<! - \/ wp: cita ->\r\n\r\n<! - wp: p\u00e1rrafo ->\r\n<p> &#8230; o algo as\u00ed: <\/p>\r\n<! - \/ wp: p\u00e1rrafo ->\r\n\r\n<! - wp: cita ->\r\n<blockquote class = \"wp-block-quote\"> <p> La XYZ Doohickey Company fue fundada en 1971 y desde entonces ha estado proporcionando doohickeys de calidad al p\u00fablico. Ubicado en la ciudad de Gotham, XYZ emplea a m\u00e1s de 2,000 personas y hace todo tipo de cosas incre\u00edbles para la comunidad de Gotham. <\/p> <\/blockquote>\r\n<! - \/ wp: cita ->\r\n\r\n<! - wp: p\u00e1rrafo ->\r\n<p> Como nuevo usuario de WordPress, debe ir a <a href=\"http:\/\/scubanautic.com\/wp-admin\/\"> su panel de control <\/a> para eliminar esta p\u00e1gina y crear nuevas p\u00e1ginas por su contenido \u00a1Divi\u00e9rtete! <\/p>\r\n<! - \/ wp: p\u00e1rrafo ->","protected":false},"excerpt":{"rendered":"<p>Esta es una p\u00e1gina de ejemplo. Es diferente de una publicaci\u00f3n de blog porque permanecer\u00e1 en un solo lugar y aparecer\u00e1 en la navegaci\u00f3n de su sitio (en la mayor\u00eda de los temas). La mayor\u00eda de las personas comienzan con una p\u00e1gina Acerca de que les presenta a los visitantes potenciales del sitio. Podr\u00eda decir [&hellip;]<\/p>\n","protected":false},"author":1,"featured_media":0,"parent":0,"menu_order":0,"comment_status":"closed","ping_status":"open","template":"","meta":[],"acf":[],"yoast_head":"<!-- This site is optimized with the Yoast SEO plugin v20.11 - https:\/\/yoast.com\/wordpress\/plugins\/seo\/ -->\n<title>P\u00e1gina de Ejemplo - Scubanautic<\/title>\n<meta name=\"description\" content=\"Sample content page for Scuba Diving Mallorca info and insights from your trusted Dive Center Mallorca experts.\" \/>\n<meta name=\"robots\" content=\"index, follow, max-snippet:-1, max-image-preview:large, max-video-preview:-1\" \/>\n<link rel=\"canonical\" href=\"https:\/\/www.scubanautic.com\/sample-page\/\" \/>\n<meta property=\"og:locale\" content=\"es_ES\" \/>\n<meta property=\"og:type\" content=\"article\" \/>\n<meta property=\"og:title\" content=\"[:en]Sample Page[:es]P\u00e1gina de Ejemplo[:de]Beispielseite[:] - Scubanautic\" \/>\n<meta property=\"og:description\" content=\"Sample content page for Scuba Diving Mallorca info and insights from your trusted Dive Center Mallorca experts.\" \/>\n<meta property=\"og:url\" content=\"https:\/\/www.scubanautic.com\/sample-page\/\" \/>\n<meta property=\"og:site_name\" content=\"Scubanautic\" \/>\n<meta property=\"article:modified_time\" content=\"2026-02-03T09:11:12+00:00\" \/>\n<meta name=\"twitter:card\" content=\"summary_large_image\" \/>\n<meta name=\"twitter:label1\" content=\"Tiempo de lectura\" \/>\n\t<meta name=\"twitter:data1\" content=\"1 minuto\" \/>\n<script type=\"application\/ld+json\" class=\"yoast-schema-graph\">{\"@context\":\"https:\/\/schema.org\",\"@graph\":[{\"@type\":\"WebPage\",\"@id\":\"https:\/\/www.scubanautic.com\/sample-page\/\",\"url\":\"https:\/\/www.scubanautic.com\/sample-page\/\",\"name\":\"[:en]Sample Page[:es]P\u00e1gina de Ejemplo[:de]Beispielseite[:] - Scubanautic\",\"isPartOf\":{\"@id\":\"https:\/\/www.scubanautic.com\/de\/#website\"},\"datePublished\":\"2019-07-29T09:02:37+00:00\",\"dateModified\":\"2026-02-03T09:11:12+00:00\",\"description\":\"Sample content page for Scuba Diving Mallorca info and insights from your trusted Dive Center Mallorca experts.\",\"breadcrumb\":{\"@id\":\"https:\/\/www.scubanautic.com\/sample-page\/#breadcrumb\"},\"inLanguage\":\"es\",\"potentialAction\":[{\"@type\":\"ReadAction\",\"target\":[\"https:\/\/www.scubanautic.com\/sample-page\/\"]}]},{\"@type\":\"BreadcrumbList\",\"@id\":\"https:\/\/www.scubanautic.com\/sample-page\/#breadcrumb\",\"itemListElement\":[{\"@type\":\"ListItem\",\"position\":1,\"name\":\"Home\",\"item\":\"https:\/\/www.scubanautic.com\/\"},{\"@type\":\"ListItem\",\"position\":2,\"name\":\"Sample Page\"}]},{\"@type\":\"WebSite\",\"@id\":\"https:\/\/www.scubanautic.com\/de\/#website\",\"url\":\"https:\/\/www.scubanautic.com\/de\/\",\"name\":\"Scubanautic\",\"description\":\"Welcome to Scubanautic Mallorca\",\"potentialAction\":[{\"@type\":\"SearchAction\",\"target\":{\"@type\":\"EntryPoint\",\"urlTemplate\":\"https:\/\/www.scubanautic.com\/de\/?s={search_term_string}\"},\"query-input\":\"required name=search_term_string\"}],\"inLanguage\":\"es\"}]}<\/script>\n<!-- \/ Yoast SEO plugin. -->","yoast_head_json":{"title":"[:en]Sample Page[:es]P\u00e1gina de Ejemplo[:de]Beispielseite[:] - Scubanautic","description":"Sample content page for Scuba Diving Mallorca info and insights from your trusted Dive Center Mallorca experts.","robots":{"index":"index","follow":"follow","max-snippet":"max-snippet:-1","max-image-preview":"max-image-preview:large","max-video-preview":"max-video-preview:-1"},"canonical":"https:\/\/www.scubanautic.com\/sample-page\/","og_locale":"es_ES","og_type":"article","og_title":"[:en]Sample Page[:es]P\u00e1gina de Ejemplo[:de]Beispielseite[:] - Scubanautic","og_description":"Sample content page for Scuba Diving Mallorca info and insights from your trusted Dive Center Mallorca experts.","og_url":"https:\/\/www.scubanautic.com\/sample-page\/","og_site_name":"Scubanautic","article_modified_time":"2026-02-03T09:11:12+00:00","twitter_card":"summary_large_image","twitter_misc":{"Tiempo de lectura":"1 minuto"},"schema":{"@context":"https:\/\/schema.org","@graph":[{"@type":"WebPage","@id":"https:\/\/www.scubanautic.com\/sample-page\/","url":"https:\/\/www.scubanautic.com\/sample-page\/","name":"[:en]Sample Page[:es]P\u00e1gina de Ejemplo[:de]Beispielseite[:] - Scubanautic","isPartOf":{"@id":"https:\/\/www.scubanautic.com\/de\/#website"},"datePublished":"2019-07-29T09:02:37+00:00","dateModified":"2026-02-03T09:11:12+00:00","description":"Sample content page for Scuba Diving Mallorca info and insights from your trusted Dive Center Mallorca experts.","breadcrumb":{"@id":"https:\/\/www.scubanautic.com\/sample-page\/#breadcrumb"},"inLanguage":"es","potentialAction":[{"@type":"ReadAction","target":["https:\/\/www.scubanautic.com\/sample-page\/"]}]},{"@type":"BreadcrumbList","@id":"https:\/\/www.scubanautic.com\/sample-page\/#breadcrumb","itemListElement":[{"@type":"ListItem","position":1,"name":"Home","item":"https:\/\/www.scubanautic.com\/"},{"@type":"ListItem","position":2,"name":"Sample Page"}]},{"@type":"WebSite","@id":"https:\/\/www.scubanautic.com\/de\/#website","url":"https:\/\/www.scubanautic.com\/de\/","name":"Scubanautic","description":"Welcome to Scubanautic Mallorca","potentialAction":[{"@type":"SearchAction","target":{"@type":"EntryPoint","urlTemplate":"https:\/\/www.scubanautic.com\/de\/?s={search_term_string}"},"query-input":"required name=search_term_string"}],"inLanguage":"es"}]}},"_links":{"self":[{"href":"https:\/\/www.scubanautic.com\/es\/wp-json\/wp\/v2\/pages\/2"}],"collection":[{"href":"https:\/\/www.scubanautic.com\/es\/wp-json\/wp\/v2\/pages"}],"about":[{"href":"https:\/\/www.scubanautic.com\/es\/wp-json\/wp\/v2\/types\/page"}],"author":[{"embeddable":true,"href":"https:\/\/www.scubanautic.com\/es\/wp-json\/wp\/v2\/users\/1"}],"replies":[{"embeddable":true,"href":"https:\/\/www.scubanautic.com\/es\/wp-json\/wp\/v2\/comments?post=2"}],"version-history":[{"count":2,"href":"https:\/\/www.scubanautic.com\/es\/wp-json\/wp\/v2\/pages\/2\/revisions"}],"predecessor-version":[{"id":7964,"href":"https:\/\/www.scubanautic.com\/es\/wp-json\/wp\/v2\/pages\/2\/revisions\/7964"}],"wp:attachment":[{"href":"https:\/\/www.scubanautic.com\/es\/wp-json\/wp\/v2\/media?parent=2"}],"curies":[{"name":"wp","href":"https:\/\/api.w.org\/{rel}","templated":true}]}}