{"id":3,"date":"2019-07-29T09:02:37","date_gmt":"2019-07-29T09:02:37","guid":{"rendered":"http:\/\/scubanautic.com\/?page_id=3"},"modified":"2026-02-03T09:10:02","modified_gmt":"2026-02-03T09:10:02","slug":"privacy-policy","status":"publish","type":"page","link":"https:\/\/www.scubanautic.com\/es\/privacy-policy\/","title":{"rendered":"Pol\u00edtica de privacidad"},"content":{"rendered":"<h2 class=\"wp-block-heading\">Protecci\u00f3n de Datos<\/h2>\r\n<p>La privacidad tiene una prioridad muy alta para Scubanautic. El uso de nuestras p\u00e1ginas de Internet de Scubanautic.com es b\u00e1sicamente posible sin ninguna indicaci\u00f3n de datos personales. Sin embargo, si un interesado desea utilizar los servicios especiales de nuestra empresa a trav\u00e9s de nuestro sitio web, puede ser necesario el procesamiento de datos personales. Si el procesamiento de datos personales es necesario, generalmente buscamos el consentimiento del interesado.<\/p>\r\n<p>El procesamiento de datos personales, como el nombre, la direcci\u00f3n, la direcci\u00f3n de correo electr\u00f3nico o el n\u00famero de tel\u00e9fono de un sujeto de datos, siempre est\u00e1 de acuerdo con el RGPD \/ DS-BER y de acuerdo con nuestra pol\u00edtica de privacidad espec\u00edfica del pa\u00eds. Mediante esta pol\u00edtica de privacidad, nuestra empresa quiere informar a las personas afectadas sobre sus derechos.<\/p>\r\n<h3>T\u00e9rminos en nuestra Pol\u00edtica de privacidad<\/h3>\r\n<p>La pol\u00edtica de privacidad se basa en la terminolog\u00eda utilizada por la legislatura europea y la legislatura en la adopci\u00f3n del Reglamento General de Protecci\u00f3n de Datos (RGPD \/ DS-GVO). Nuestra pol\u00edtica de privacidad debe ser f\u00e1cil de leer y comprender, tanto para el p\u00fablico como para nuestros clientes y socios comerciales. Para garantizar esto, nos gustar\u00eda explicar de antemano la terminolog\u00eda utilizada.<\/p>\r\n<p>Entre otras cosas, utilizamos los siguientes t\u00e9rminos en esta pol\u00edtica de privacidad:<\/p>\r\n<h3>a) Datos personales<\/h3>\r\n<p>Datos personales significa cualquier informaci\u00f3n relacionada con una persona f\u00edsica identificada o identificable (en adelante, el \u00absujeto de los datos\u00bb). Se considera que una persona f\u00edsica es identificable y que, directa o indirectamente, en particular por asociaci\u00f3n con un identificador como un nombre, un n\u00famero de identificaci\u00f3n, datos de ubicaci\u00f3n, un identificador en l\u00ednea o una o m\u00e1s caracter\u00edsticas especiales, expresa lo f\u00edsico, fisiol\u00f3gico, gen\u00e9tico Se puede identificar la identidad mental, econ\u00f3mica, cultural o social de esta persona f\u00edsica.<\/p>\r\n<h3>b) La persona interesada<\/h3>\r\n<p>La persona afectada es cualquier persona f\u00edsica identificada o identificable cuyos datos personales son procesados \u200b\u200bpor el controlador.<\/p>\r\n<h3>c) Procesamiento<\/h3>\r\n<p>El procesamiento es cualquier proceso o serie de operaciones realizadas con o sin la ayuda de procesos automatizados en relaci\u00f3n con datos personales como la recopilaci\u00f3n, recopilaci\u00f3n, organizaci\u00f3n, pedidos, almacenamiento, adaptaci\u00f3n o modificaci\u00f3n, lectura, consulta, uso, divulgaci\u00f3n a trav\u00e9s del env\u00edo, difusi\u00f3n o cualquier otra forma de provisi\u00f3n, reconciliaci\u00f3n o asociaci\u00f3n, restricci\u00f3n, borrado o destrucci\u00f3n.<\/p>\r\n<h3>d) Restricci\u00f3n de procesamiento<\/h3>\r\n<p>La restricci\u00f3n del procesamiento es el marcado de los datos personales almacenados con el objetivo de limitar su procesamiento futuro.<\/p>\r\n<h3>e) Perfilado<\/h3>\r\n<p>La elaboraci\u00f3n de perfiles es cualquier tipo de procesamiento automatizado de datos personales que implica el uso de dicha informaci\u00f3n personal para evaluar ciertos aspectos personales relacionados con una persona f\u00edsica, en particular aspectos relacionados con el desempe\u00f1o laboral, situaci\u00f3n econ\u00f3mica, salud, personal Para analizar o predecir preferencias, intereses , fiabilidad, comportamiento, paradero o reubicaci\u00f3n de esa persona f\u00edsica.<\/p>\r\n<h3>f) Pseudonimizaci\u00f3n<\/h3>\r\n<p>La seudonimizaci\u00f3n es el procesamiento de datos personales de tal manera que los datos personales ya no pueden atribuirse a un sujeto de datos espec\u00edfico sin la necesidad de informaci\u00f3n adicional, siempre que dicha informaci\u00f3n adicional se mantenga separada y sujeta a medidas t\u00e9cnicas y organizativas para garantizar que datos personales no asignados a una persona f\u00edsica identificada o identificable.<\/p>\r\n<h3>g) Controlador o controlador<\/h3>\r\n<p>El controlador o controlador es la persona f\u00edsica o jur\u00eddica, autoridad p\u00fablica, organismo u organismo que, solo o en concierto con otros, decide sobre los prop\u00f3sitos y medios de procesamiento de datos personales. Cuando los fines y los medios de dicho procesamiento est\u00e9n determinados por la legislaci\u00f3n de la Uni\u00f3n o la legislaci\u00f3n de los Estados miembros, el responsable del tratamiento o los criterios espec\u00edficos para su designaci\u00f3n podr\u00e1n establecerse en virtud de la legislaci\u00f3n de la Uni\u00f3n o nacional.<\/p>\r\n<h3>h) procesador<\/h3>\r\n<p>Un procesador es una persona f\u00edsica o jur\u00eddica, autoridad p\u00fablica, organismo u organismo que procesa datos personales en nombre del controlador.<\/p>\r\n<h3>i) receptor<\/h3>\r\n<p>El destinatario es una persona f\u00edsica o jur\u00eddica, agencia, agencia u otra entidad a la que se divulgan los Datos personales, ya sea que sea un tercero. Sin embargo, las autoridades que pueden recibir datos personales en virtud de la legislaci\u00f3n de la Uni\u00f3n o nacional en relaci\u00f3n con una misi\u00f3n en particular no se consideran beneficiarios.<\/p>\r\n<h3>j) Terceros<\/h3>\r\n<p>Tercero es una persona f\u00edsica o jur\u00eddica, autoridad p\u00fablica, organismo u organismo distinto del interesado, el controlador, el procesador y las personas autorizadas bajo la responsabilidad directa del controlador o procesador para procesar los datos personales.<\/p>\r\n<h3>k) Consentimiento<\/h3>\r\n<p>El consentimiento es cualquier acto de voluntad voluntaria e inequ\u00edvocamente dado por el interesado de una manera informada e inequ\u00edvoca en forma de una declaraci\u00f3n u otro acto confirmatorio inequ\u00edvoco que indica al interesado que acepta el procesamiento de los datos personales que le conciernen. .<\/p>","protected":false},"excerpt":{"rendered":"<p>Protecci\u00f3n de Datos La privacidad tiene una prioridad muy alta para Scubanautic. El uso de nuestras p\u00e1ginas de Internet de Scubanautic.com es b\u00e1sicamente posible sin ninguna indicaci\u00f3n de datos personales. Sin embargo, si un interesado desea utilizar los servicios especiales de nuestra empresa a trav\u00e9s de nuestro sitio web, puede ser necesario el procesamiento de [&hellip;]<\/p>\n","protected":false},"author":1,"featured_media":0,"parent":0,"menu_order":0,"comment_status":"closed","ping_status":"open","template":"","meta":[],"acf":[],"yoast_head":"<!-- This site is optimized with the Yoast SEO plugin v20.11 - https:\/\/yoast.com\/wordpress\/plugins\/seo\/ -->\n<title>Pol\u00edtica de privacidad - Scubanautic<\/title>\n<meta name=\"description\" content=\"Read our Scuba Diving Mallorca privacy policy how Scubanautic protects your data while you explore with our expert Dive Center Mallorca team.\" \/>\n<meta name=\"robots\" content=\"index, follow, max-snippet:-1, max-image-preview:large, max-video-preview:-1\" \/>\n<link rel=\"canonical\" href=\"https:\/\/www.scubanautic.com\/privacy-policy\/\" \/>\n<meta property=\"og:locale\" content=\"es_ES\" \/>\n<meta property=\"og:type\" content=\"article\" \/>\n<meta property=\"og:title\" content=\"[:en]Privacy Policy[:es]Pol\u00edtica de privacidad[:de]Datenschutz-Bestimmungen[:] - Scubanautic\" \/>\n<meta property=\"og:description\" content=\"Read our Scuba Diving Mallorca privacy policy how Scubanautic protects your data while you explore with our expert Dive Center Mallorca team.\" \/>\n<meta property=\"og:url\" content=\"https:\/\/www.scubanautic.com\/privacy-policy\/\" \/>\n<meta property=\"og:site_name\" content=\"Scubanautic\" \/>\n<meta property=\"article:modified_time\" content=\"2026-02-03T09:10:02+00:00\" \/>\n<meta name=\"twitter:card\" content=\"summary_large_image\" \/>\n<meta name=\"twitter:label1\" content=\"Tiempo de lectura\" \/>\n\t<meta name=\"twitter:data1\" content=\"4 minutos\" \/>\n<script type=\"application\/ld+json\" class=\"yoast-schema-graph\">{\"@context\":\"https:\/\/schema.org\",\"@graph\":[{\"@type\":\"WebPage\",\"@id\":\"https:\/\/www.scubanautic.com\/privacy-policy\/\",\"url\":\"https:\/\/www.scubanautic.com\/privacy-policy\/\",\"name\":\"[:en]Privacy Policy[:es]Pol\u00edtica de privacidad[:de]Datenschutz-Bestimmungen[:] - Scubanautic\",\"isPartOf\":{\"@id\":\"https:\/\/www.scubanautic.com\/de\/#website\"},\"datePublished\":\"2019-07-29T09:02:37+00:00\",\"dateModified\":\"2026-02-03T09:10:02+00:00\",\"description\":\"Read our Scuba Diving Mallorca privacy policy how Scubanautic protects your data while you explore with our expert Dive Center Mallorca team.\",\"breadcrumb\":{\"@id\":\"https:\/\/www.scubanautic.com\/privacy-policy\/#breadcrumb\"},\"inLanguage\":\"es\",\"potentialAction\":[{\"@type\":\"ReadAction\",\"target\":[\"https:\/\/www.scubanautic.com\/privacy-policy\/\"]}]},{\"@type\":\"BreadcrumbList\",\"@id\":\"https:\/\/www.scubanautic.com\/privacy-policy\/#breadcrumb\",\"itemListElement\":[{\"@type\":\"ListItem\",\"position\":1,\"name\":\"Home\",\"item\":\"https:\/\/www.scubanautic.com\/\"},{\"@type\":\"ListItem\",\"position\":2,\"name\":\"Privacy Policy\"}]},{\"@type\":\"WebSite\",\"@id\":\"https:\/\/www.scubanautic.com\/de\/#website\",\"url\":\"https:\/\/www.scubanautic.com\/de\/\",\"name\":\"Scubanautic\",\"description\":\"Welcome to Scubanautic Mallorca\",\"potentialAction\":[{\"@type\":\"SearchAction\",\"target\":{\"@type\":\"EntryPoint\",\"urlTemplate\":\"https:\/\/www.scubanautic.com\/de\/?s={search_term_string}\"},\"query-input\":\"required name=search_term_string\"}],\"inLanguage\":\"es\"}]}<\/script>\n<!-- \/ Yoast SEO plugin. -->","yoast_head_json":{"title":"[:en]Privacy Policy[:es]Pol\u00edtica de privacidad[:de]Datenschutz-Bestimmungen[:] - Scubanautic","description":"Read our Scuba Diving Mallorca privacy policy how Scubanautic protects your data while you explore with our expert Dive Center Mallorca team.","robots":{"index":"index","follow":"follow","max-snippet":"max-snippet:-1","max-image-preview":"max-image-preview:large","max-video-preview":"max-video-preview:-1"},"canonical":"https:\/\/www.scubanautic.com\/privacy-policy\/","og_locale":"es_ES","og_type":"article","og_title":"[:en]Privacy Policy[:es]Pol\u00edtica de privacidad[:de]Datenschutz-Bestimmungen[:] - Scubanautic","og_description":"Read our Scuba Diving Mallorca privacy policy how Scubanautic protects your data while you explore with our expert Dive Center Mallorca team.","og_url":"https:\/\/www.scubanautic.com\/privacy-policy\/","og_site_name":"Scubanautic","article_modified_time":"2026-02-03T09:10:02+00:00","twitter_card":"summary_large_image","twitter_misc":{"Tiempo de lectura":"4 minutos"},"schema":{"@context":"https:\/\/schema.org","@graph":[{"@type":"WebPage","@id":"https:\/\/www.scubanautic.com\/privacy-policy\/","url":"https:\/\/www.scubanautic.com\/privacy-policy\/","name":"[:en]Privacy Policy[:es]Pol\u00edtica de privacidad[:de]Datenschutz-Bestimmungen[:] - Scubanautic","isPartOf":{"@id":"https:\/\/www.scubanautic.com\/de\/#website"},"datePublished":"2019-07-29T09:02:37+00:00","dateModified":"2026-02-03T09:10:02+00:00","description":"Read our Scuba Diving Mallorca privacy policy how Scubanautic protects your data while you explore with our expert Dive Center Mallorca team.","breadcrumb":{"@id":"https:\/\/www.scubanautic.com\/privacy-policy\/#breadcrumb"},"inLanguage":"es","potentialAction":[{"@type":"ReadAction","target":["https:\/\/www.scubanautic.com\/privacy-policy\/"]}]},{"@type":"BreadcrumbList","@id":"https:\/\/www.scubanautic.com\/privacy-policy\/#breadcrumb","itemListElement":[{"@type":"ListItem","position":1,"name":"Home","item":"https:\/\/www.scubanautic.com\/"},{"@type":"ListItem","position":2,"name":"Privacy Policy"}]},{"@type":"WebSite","@id":"https:\/\/www.scubanautic.com\/de\/#website","url":"https:\/\/www.scubanautic.com\/de\/","name":"Scubanautic","description":"Welcome to Scubanautic Mallorca","potentialAction":[{"@type":"SearchAction","target":{"@type":"EntryPoint","urlTemplate":"https:\/\/www.scubanautic.com\/de\/?s={search_term_string}"},"query-input":"required name=search_term_string"}],"inLanguage":"es"}]}},"_links":{"self":[{"href":"https:\/\/www.scubanautic.com\/es\/wp-json\/wp\/v2\/pages\/3"}],"collection":[{"href":"https:\/\/www.scubanautic.com\/es\/wp-json\/wp\/v2\/pages"}],"about":[{"href":"https:\/\/www.scubanautic.com\/es\/wp-json\/wp\/v2\/types\/page"}],"author":[{"embeddable":true,"href":"https:\/\/www.scubanautic.com\/es\/wp-json\/wp\/v2\/users\/1"}],"replies":[{"embeddable":true,"href":"https:\/\/www.scubanautic.com\/es\/wp-json\/wp\/v2\/comments?post=3"}],"version-history":[{"count":5,"href":"https:\/\/www.scubanautic.com\/es\/wp-json\/wp\/v2\/pages\/3\/revisions"}],"predecessor-version":[{"id":7963,"href":"https:\/\/www.scubanautic.com\/es\/wp-json\/wp\/v2\/pages\/3\/revisions\/7963"}],"wp:attachment":[{"href":"https:\/\/www.scubanautic.com\/es\/wp-json\/wp\/v2\/media?parent=3"}],"curies":[{"name":"wp","href":"https:\/\/api.w.org\/{rel}","templated":true}]}}