{"id":729,"date":"2019-10-07T05:30:09","date_gmt":"2019-10-07T05:30:09","guid":{"rendered":"https:\/\/www.scubanautic.com\/?page_id=729"},"modified":"2026-01-16T10:31:45","modified_gmt":"2026-01-16T10:31:45","slug":"diving-center-mallorca","status":"publish","type":"page","link":"https:\/\/www.scubanautic.com\/es\/diving-center-mallorca\/","title":{"rendered":"Centro de Buceo Mallorca"},"content":{"rendered":"<p><\/p>\n<h2>MALLORCA PARAISO DE BUCEO EN EL MEDITERR\u00c1NEO<\/h2>\n<p>Bucear en Mallorca es una actividad marina muy aventurera. No todos se atreven a sumergirse en la hermosa vida marina. Pero no todo el mundo sabe que la vida bajo el agua es incre\u00edblemente serena y hermosa. Casi sientes que est\u00e1s liberado de toda la carga mundana de tu vida y simplemente disfrutas de Diving Mallorca. Por supuesto, tambi\u00e9n debemos mirar un poco la realidad, que algunos son hidrof\u00f3bicos. Pero con la gu\u00eda adecuada, puede ser una experiencia encantadora.<\/p>\n<p>Muchos de los que solo piensan en el turismo de masas y en Magalluf en Mallorca se suelen sorprender al ver por primera vez la isla mediterr\u00e1nea bajo el agua. Si buscas una de las zonas m\u00e1s bonitas, estar\u00e1s asociado con el centro de buceo de Mallorca en el mar Mediterr\u00e1neo. En realidad,<\/p>\n<p>Las zonas m\u00e1s interesantes de la escuela de buceo de Mallorca se encuentran en Mare Nostrum, gracias a numerosos parques naturales y reservas naturales. El gobierno de Mallorca ha hecho un gran trabajo en los \u00faltimos a\u00f1os para proteger la naturaleza de Mallorca y preservarla para las generaciones futuras.<\/p>\n<p><span style=\"vertical-align: inherit;\"><span style=\"vertical-align: inherit;\">Especialmente los parques naturales como las islas <\/span><\/span><a href=\"https:\/\/www.scubanautic.com\/de\/2020\/04\/06\/series-part-1-the-dragon-island-dragonera-natural-park\/\"><span style=\"vertical-align: inherit;\"><span style=\"vertical-align: inherit;\">\u00bb <\/span><\/span><\/a><a href=\"https:\/\/www.scubanautic.com\/es\/2020\/04\/06\/series-part-1-the-dragon-island-dragonera-natural-park\/\"><span style=\"vertical-align: inherit;\"><span style=\"vertical-align: inherit;\">Dragonera <\/span><\/span><\/a><a href=\"https:\/\/www.scubanautic.com\/de\/2020\/04\/06\/series-part-1-the-dragon-island-dragonera-natural-park\/\"><span style=\"vertical-align: inherit;\"><span style=\"vertical-align: inherit;\">\u00ab<\/span><\/span><\/a><span style=\"vertical-align: inherit;\"><span style=\"vertical-align: inherit;\"> , \u00bb <\/span><\/span><a href=\"https:\/\/www.scubanautic.com\/es\/2020\/04\/10\/series-part-2-el-toro-nature-reserve\/\"><span style=\"vertical-align: inherit;\"><span style=\"vertical-align: inherit;\">El Toro<\/span><\/span><\/a><span style=\"vertical-align: inherit;\"><span style=\"vertical-align: inherit;\"> \u00bb \u00bb <\/span><\/span><a href=\"https:\/\/www.scubanautic.com\/es\/2020\/04\/16\/series-part-4-cabrera\/\"><span style=\"vertical-align: inherit;\"><span style=\"vertical-align: inherit;\">Cabrera<\/span><\/span><\/a><span style=\"vertical-align: inherit;\"><span style=\"vertical-align: inherit;\"> \u00abo las reservas naturales de la costa este como el\u00bb <\/span><\/span><a href=\"https:\/\/www.scubanautic.com\/es\/2020\/04\/12\/series-part-3-reserva-marina-de-levant\/\"><span style=\"vertical-align: inherit;\"><span style=\"vertical-align: inherit;\">Llevant Marine Reserve<\/span><\/span><\/a><span style=\"vertical-align: inherit;\"><span style=\"vertical-align: inherit;\"> \u00bb al norte de la Font de Sa Cala, ofrecen experiencias de buceo de lo m\u00e1s gratificantes.<\/span><\/span><\/p>\n<h3>Incre\u00edbles y variadas vistas del centro de buceo de Mallorca<\/h3>\n<p>Si tienes suerte, es posible que veas peces luna, delfines y alg\u00fan que otro caballito de mar, pero mant\u00e9n los ojos bien abiertos en los parques naturales, ya que hay sopa de pescado. Rayas doradas, rape, anzuelo de caballa y, especialmente en el oto\u00f1o, enjambres masivos de at\u00fan y caballa de p\u00faas son lugares para contemplar, y hay algunos naufragios interesantes para observar.<\/p>\n<p>El a\u00f1o pasado hubo algunos avistamientos de cachalotes en la Part de Soller, en el norte de la isla &#8230; Todo es posible en el centro de buceo de Mallorca.<\/p>\n<p>Adem\u00e1s, las temperaturas del agua de hasta 29 grados en pleno verano hacen que el buceo sea una experiencia de bienestar de primera clase.<\/p>\n<p>Con el Atl\u00e1ntico al norte y el Mediterr\u00e1neo al sur, Diving Mallorca ofrece diversas oportunidades de buceo. Desde grandes tiburones azules que merodean por la escarpada costa norte hasta coloridas gorgonias que se mecen suavemente en las c\u00e1lidas y serenas aguas del Mediterr\u00e1neo, hay algo para tentar a los buceadores de todos los niveles.<\/p>\n<h3><span style=\"vertical-align: inherit;\"><span style=\"vertical-align: inherit;\">Centros de buceo en Mallorca por toda la Mediterranean<\/span><\/span><\/h3>\n<p>centro de buceo mallorca es un elemento muy importante para cualquier buceador. Durante d\u00e9cadas, Diving Center Mallorca ha sido el medio principal para llegar a los buceadores clientes. Los fabricantes de equipos de buceo y las agencias de formaci\u00f3n insisten en mantener los centros de buceo como su canal de distribuci\u00f3n exclusivo. Y su definici\u00f3n de un centro de buceo sigue siendo un negocio que ofrece diferentes l\u00edneas de productos y servicios bajo un mismo techo.<\/p>\n<p>Con m\u00e1s de 40 centros de buceo en Mallorca repartidos por toda la isla, existe una infraestructura de buceo inigualable en relaci\u00f3n al tama\u00f1o de la isla. Ya sea buceo de iniciaci\u00f3n, cursos de buceo para principiantes y buceadores avanzados, con certificaciones de las principales organizaciones de centros de buceo de Mallorca hasta buceo t\u00e9cnico con trimix o rebreathers, aqu\u00ed todo es posible. Para emergencias existe el centro hiperb\u00e1rico en Palma, al que se puede llegar desde cualquier punto de la isla en muy poco tiempo.<\/p>\n<p>Tambi\u00e9n nuestra zona de la escuela de buceo de Mallorca, a la que se puede llegar desde la mayor\u00eda de ciudades europeas con vuelos muy econ\u00f3micos en no mucho m\u00e1s de 2 horas, ofrece todo para unas vacaciones para todos los gustos. Ya sea una casa de vacaciones en el campo o un apartamento o una habitaci\u00f3n de hotel junto al mar, tanto individualistas como familias o clubes de<strong><a href=\"https:\/\/www.scubanautic.com\/es\/\"> buceo de Mallorca<\/a> <\/strong>encontrar\u00e1n el alojamiento ideal cerca del centro de buceo de Mallorca de su elecci\u00f3n en casi todas partes sin renunciar a unas excelentes vacaciones por los que no lo son. -varios.<\/p>\n<p>Las ventajas culinarias de la isla son conocidas m\u00e1s all\u00e1 de sus fronteras y los vinos mallorquines son un hecho privilegiado y se encuentran entre los mejores de Espa\u00f1a. Incluso para aquellos que prefieren la cerveza despu\u00e9s de bucear, existen innumerables posibilidades directamente en muchas escuelas de buceo en Mallorca. Pero tambi\u00e9n en las terrazas de los numerosos bares con una fant\u00e1stica vista al mar puedes dejar que tu amigo repase las experiencias del d\u00eda.<\/p>\n<h3>Varias actividades para aprender en la escuela de buceo de Mallorca<\/h3>\n<p>Tambi\u00e9n hay una incre\u00edble variedad de actividades posibles para los no buceadores, ya sea en bicicleta, tenis, equitaci\u00f3n, golf y mucho m\u00e1s. Muchos centros de buceo de Mallorca tambi\u00e9n ofrecen remo o kayak. Muchos hoteles SPA ofrecen el mejor bienestar despu\u00e9s del buceo.<\/p>\n<p>SCUBANAUTIC.com te ayuda a planificar y organizar tus vacaciones de buceo ideales en Mallorca. Si tiene alguna pregunta o necesita m\u00e1s informaci\u00f3n sobre zonas de buceo, alojamiento, centro de buceo en Mallorca u otras preguntas sobre sus vacaciones de buceo. Simplemente env\u00ede un correo electr\u00f3nico a info@scubanautic.com y estaremos a su disposici\u00f3n con palabras y hechos.<\/p>\n<p>SCUBANAUTIC.com ofrece todo lo que necesita saber para las vacaciones de sus sue\u00f1os Buceo Mallorca \u200bo su pr\u00f3xima inmersi\u00f3n en Alemania. Se incluyen todos los centros de buceo, los mejores lugares de buceo, las \u00faltimas noticias de buceo, consejos absolutos, direcciones de servicio importantes, m\u00e9dicos de buceo, la c\u00e1mara de presi\u00f3n, tiendas de buceo, servicio t\u00e9cnico y, por supuesto, hoteles de buceo y alojamiento barato. Muchas escuelas de buceo baratas en Mallorca y paquetes de viaje, as\u00ed como vuelos baratos con equipaje de buceo, ofertas de \u00faltima hora y ofertas especiales para los suscriptores del bolet\u00edn te est\u00e1n esperando. Reg\u00edstrese hoy para recibir nuestro bolet\u00edn informativo gratuito para obtener m\u00e1s informaci\u00f3n sobre el mundo submarino \u00fanico de Mallorca<br \/>\nSCUBANAUTIC.com &#8230; no es un sitio web &#8230; \u00a1es un sitio de buceo!<\/p>","protected":false},"excerpt":{"rendered":"<p>MALLORCA PARAISO DE BUCEO EN EL MEDITERR\u00c1NEO Bucear en Mallorca es una actividad marina muy aventurera. No todos se atreven a sumergirse en la hermosa vida marina. Pero no todo el mundo sabe que la vida bajo el agua es incre\u00edblemente serena y hermosa. Casi sientes que est\u00e1s liberado de toda la carga mundana de [&hellip;]<\/p>\n","protected":false},"author":1,"featured_media":0,"parent":0,"menu_order":0,"comment_status":"closed","ping_status":"closed","template":"services-template.php","meta":[],"acf":[],"yoast_head":"<!-- This site is optimized with the Yoast SEO plugin v20.11 - https:\/\/yoast.com\/wordpress\/plugins\/seo\/ -->\n<title>Diving Mallorca with Scubanautic \u2013 Top Dive Center Guide<\/title>\n<meta name=\"description\" content=\"Experience Diving Mallorca with Scubanautic. Expert guides, certified courses, and easy online bookings for unforgettable dives.\" \/>\n<meta name=\"robots\" content=\"index, follow, max-snippet:-1, max-image-preview:large, max-video-preview:-1\" \/>\n<link rel=\"canonical\" href=\"https:\/\/www.scubanautic.com\/diving-center-mallorca\/\" \/>\n<meta property=\"og:locale\" content=\"es_ES\" \/>\n<meta property=\"og:type\" content=\"article\" \/>\n<meta property=\"og:title\" content=\"Diving Mallorca with Scubanautic \u2013 Top Dive Center Guide\" \/>\n<meta property=\"og:description\" content=\"Experience Diving Mallorca with Scubanautic. Expert guides, certified courses, and easy online bookings for unforgettable dives.\" \/>\n<meta property=\"og:url\" content=\"https:\/\/www.scubanautic.com\/diving-center-mallorca\/\" \/>\n<meta property=\"og:site_name\" content=\"Scubanautic\" \/>\n<meta property=\"article:modified_time\" content=\"2026-01-16T10:31:45+00:00\" \/>\n<meta name=\"twitter:card\" content=\"summary_large_image\" \/>\n<meta name=\"twitter:label1\" content=\"Tiempo de lectura\" \/>\n\t<meta name=\"twitter:data1\" content=\"6 minutos\" \/>\n<script type=\"application\/ld+json\" class=\"yoast-schema-graph\">{\"@context\":\"https:\/\/schema.org\",\"@graph\":[{\"@type\":\"WebPage\",\"@id\":\"https:\/\/www.scubanautic.com\/diving-center-mallorca\/\",\"url\":\"https:\/\/www.scubanautic.com\/diving-center-mallorca\/\",\"name\":\"Diving Mallorca with Scubanautic \u2013 Top Dive Center Guide\",\"isPartOf\":{\"@id\":\"https:\/\/www.scubanautic.com\/de\/#website\"},\"datePublished\":\"2019-10-07T05:30:09+00:00\",\"dateModified\":\"2026-01-16T10:31:45+00:00\",\"description\":\"Experience Diving Mallorca with Scubanautic. Expert guides, certified courses, and easy online bookings for unforgettable dives.\",\"breadcrumb\":{\"@id\":\"https:\/\/www.scubanautic.com\/diving-center-mallorca\/#breadcrumb\"},\"inLanguage\":\"es\",\"potentialAction\":[{\"@type\":\"ReadAction\",\"target\":[\"https:\/\/www.scubanautic.com\/diving-center-mallorca\/\"]}]},{\"@type\":\"BreadcrumbList\",\"@id\":\"https:\/\/www.scubanautic.com\/diving-center-mallorca\/#breadcrumb\",\"itemListElement\":[{\"@type\":\"ListItem\",\"position\":1,\"name\":\"Home\",\"item\":\"https:\/\/www.scubanautic.com\/\"},{\"@type\":\"ListItem\",\"position\":2,\"name\":\"Diving Center Mallorca\"}]},{\"@type\":\"WebSite\",\"@id\":\"https:\/\/www.scubanautic.com\/de\/#website\",\"url\":\"https:\/\/www.scubanautic.com\/de\/\",\"name\":\"Scubanautic\",\"description\":\"Welcome to Scubanautic Mallorca\",\"potentialAction\":[{\"@type\":\"SearchAction\",\"target\":{\"@type\":\"EntryPoint\",\"urlTemplate\":\"https:\/\/www.scubanautic.com\/de\/?s={search_term_string}\"},\"query-input\":\"required name=search_term_string\"}],\"inLanguage\":\"es\"}]}<\/script>\n<!-- \/ Yoast SEO plugin. -->","yoast_head_json":{"title":"Diving Mallorca with Scubanautic \u2013 Top Dive Center Guide","description":"Experience Diving Mallorca with Scubanautic. Expert guides, certified courses, and easy online bookings for unforgettable dives.","robots":{"index":"index","follow":"follow","max-snippet":"max-snippet:-1","max-image-preview":"max-image-preview:large","max-video-preview":"max-video-preview:-1"},"canonical":"https:\/\/www.scubanautic.com\/diving-center-mallorca\/","og_locale":"es_ES","og_type":"article","og_title":"Diving Mallorca with Scubanautic \u2013 Top Dive Center Guide","og_description":"Experience Diving Mallorca with Scubanautic. Expert guides, certified courses, and easy online bookings for unforgettable dives.","og_url":"https:\/\/www.scubanautic.com\/diving-center-mallorca\/","og_site_name":"Scubanautic","article_modified_time":"2026-01-16T10:31:45+00:00","twitter_card":"summary_large_image","twitter_misc":{"Tiempo de lectura":"6 minutos"},"schema":{"@context":"https:\/\/schema.org","@graph":[{"@type":"WebPage","@id":"https:\/\/www.scubanautic.com\/diving-center-mallorca\/","url":"https:\/\/www.scubanautic.com\/diving-center-mallorca\/","name":"Diving Mallorca with Scubanautic \u2013 Top Dive Center Guide","isPartOf":{"@id":"https:\/\/www.scubanautic.com\/de\/#website"},"datePublished":"2019-10-07T05:30:09+00:00","dateModified":"2026-01-16T10:31:45+00:00","description":"Experience Diving Mallorca with Scubanautic. Expert guides, certified courses, and easy online bookings for unforgettable dives.","breadcrumb":{"@id":"https:\/\/www.scubanautic.com\/diving-center-mallorca\/#breadcrumb"},"inLanguage":"es","potentialAction":[{"@type":"ReadAction","target":["https:\/\/www.scubanautic.com\/diving-center-mallorca\/"]}]},{"@type":"BreadcrumbList","@id":"https:\/\/www.scubanautic.com\/diving-center-mallorca\/#breadcrumb","itemListElement":[{"@type":"ListItem","position":1,"name":"Home","item":"https:\/\/www.scubanautic.com\/"},{"@type":"ListItem","position":2,"name":"Diving Center Mallorca"}]},{"@type":"WebSite","@id":"https:\/\/www.scubanautic.com\/de\/#website","url":"https:\/\/www.scubanautic.com\/de\/","name":"Scubanautic","description":"Welcome to Scubanautic Mallorca","potentialAction":[{"@type":"SearchAction","target":{"@type":"EntryPoint","urlTemplate":"https:\/\/www.scubanautic.com\/de\/?s={search_term_string}"},"query-input":"required name=search_term_string"}],"inLanguage":"es"}]}},"_links":{"self":[{"href":"https:\/\/www.scubanautic.com\/es\/wp-json\/wp\/v2\/pages\/729"}],"collection":[{"href":"https:\/\/www.scubanautic.com\/es\/wp-json\/wp\/v2\/pages"}],"about":[{"href":"https:\/\/www.scubanautic.com\/es\/wp-json\/wp\/v2\/types\/page"}],"author":[{"embeddable":true,"href":"https:\/\/www.scubanautic.com\/es\/wp-json\/wp\/v2\/users\/1"}],"replies":[{"embeddable":true,"href":"https:\/\/www.scubanautic.com\/es\/wp-json\/wp\/v2\/comments?post=729"}],"version-history":[{"count":67,"href":"https:\/\/www.scubanautic.com\/es\/wp-json\/wp\/v2\/pages\/729\/revisions"}],"predecessor-version":[{"id":7954,"href":"https:\/\/www.scubanautic.com\/es\/wp-json\/wp\/v2\/pages\/729\/revisions\/7954"}],"wp:attachment":[{"href":"https:\/\/www.scubanautic.com\/es\/wp-json\/wp\/v2\/media?parent=729"}],"curies":[{"name":"wp","href":"https:\/\/api.w.org\/{rel}","templated":true}]}}